{"id":15205,"date":"2026-02-16T10:44:41","date_gmt":"2026-02-16T09:44:41","guid":{"rendered":"https:\/\/effclusive-picnics.hu\/?page_id=15205"},"modified":"2026-02-16T10:53:45","modified_gmt":"2026-02-16T09:53:45","slug":"bedouin-satras-picnic-escuvo","status":"publish","type":"page","link":"https:\/\/effclusive-picnics.hu\/en\/tersegeink\/pecs-villany\/beduin-satras-piknik-eskuvo\/","title":{"rendered":"Bedouin tent picnic wedding"},"content":{"rendered":"\t\t<div data-elementor-type=\"wp-page\" data-elementor-id=\"15205\" class=\"elementor elementor-15205\" data-elementor-post-type=\"page\">\n\t\t\t\t<div class=\"elementor-element elementor-element-2153656f e-flex e-con-boxed e-con e-parent\" data-id=\"2153656f\" data-element_type=\"container\" data-e-type=\"container\" data-settings=\"{&quot;background_background&quot;:&quot;classic&quot;,&quot;plus_gsap_animation_type&quot;:&quot;none&quot;}\">\n\t\t\t\t\t<div class=\"e-con-inner\">\n\t\t<div class=\"elementor-element elementor-element-1b43d7e1 e-con-full e-flex e-con e-child\" data-id=\"1b43d7e1\" data-element_type=\"container\" data-e-type=\"container\" data-settings=\"{&quot;plus_gsap_animation_type&quot;:&quot;none&quot;}\">\n\t\t\t\t<\/div>\n\t\t\t\t\t<\/div>\n\t\t\t\t<\/div>\n\t\t<div class=\"elementor-element elementor-element-4e700a36 e-flex e-con-boxed e-con e-parent\" data-id=\"4e700a36\" data-element_type=\"container\" data-e-type=\"container\" data-settings=\"{&quot;plus_gsap_animation_type&quot;:&quot;none&quot;}\">\n\t\t\t\t\t<div class=\"e-con-inner\">\n\t\t\t\t<div class=\"elementor-element elementor-element-50ee49a5 elementor-widget-tablet__width-initial elementor-invisible elementor-widget elementor-widget-heading\" data-id=\"50ee49a5\" data-element_type=\"widget\" data-e-type=\"widget\" data-settings=\"{&quot;_animation&quot;:&quot;fadeIn&quot;,&quot;plus_gsap_animation_type&quot;:&quot;none&quot;}\" data-widget_type=\"heading.default\">\n\t\t\t\t<div class=\"elementor-widget-container\">\n\t\t\t\t\t<h2 class=\"elementor-heading-title elementor-size-default\">Csomagok:<\/h2>\t\t\t\t<\/div>\n\t\t\t\t<\/div>\n\t\t<div class=\"elementor-element elementor-element-1d3715d e-con-full e-grid e-con e-child\" data-id=\"1d3715d\" data-element_type=\"container\" data-e-type=\"container\" data-settings=\"{&quot;plus_gsap_animation_type&quot;:&quot;none&quot;}\">\n\t\t\t\t<div class=\"elementor-element elementor-element-8d7a05f jkit-equal-height-enable elementor-widget elementor-widget-jkit_icon_box\" data-id=\"8d7a05f\" data-element_type=\"widget\" data-e-type=\"widget\" data-settings=\"{&quot;plus_gsap_animation_type&quot;:&quot;none&quot;}\" data-widget_type=\"jkit_icon_box.default\">\n\t\t\t\t<div class=\"elementor-widget-container\">\n\t\t\t\t\t<div  class=\"jeg-elementor-kit jkit-icon-box icon-position- elementor-animation- jeg_module___6a047840476a5\" ><div class=\"jkit-icon-box-wrapper hover-from-left\"><div class=\"icon-box icon-box-body\">\n                <h2 class=\"title\">Brunch: 30.000.-\/2 \u00f3ra (d\u00e9lel\u0151tt)<\/h2><p class=\"icon-box-description\">Orf\u0171i Malmokban k\u00e9sz\u00fclt k\u00e9zm\u0171ves reggelivel, limon\u00e1d\u00e9val <\/p>\n            <\/div>\n            \n            <\/div><\/div>\t\t\t\t<\/div>\n\t\t\t\t<\/div>\n\t\t\t\t<div class=\"elementor-element elementor-element-63293dd5 jkit-equal-height-enable elementor-widget elementor-widget-jkit_icon_box\" data-id=\"63293dd5\" data-element_type=\"widget\" data-e-type=\"widget\" data-settings=\"{&quot;plus_gsap_animation_type&quot;:&quot;none&quot;}\" data-widget_type=\"jkit_icon_box.default\">\n\t\t\t\t<div class=\"elementor-widget-container\">\n\t\t\t\t\t<div  class=\"jeg-elementor-kit jkit-icon-box icon-position- elementor-animation- jeg_module__1_6a04784048392\" ><div class=\"jkit-icon-box-wrapper hover-from-left\"><div class=\"icon-box icon-box-body\">\n                <h2 class=\"title\">Chill: 30.000 Ft\/2 \u00f3ra (d\u00e9lut\u00e1n)<\/h2><p class=\"icon-box-description\">Tapas box-al \u00e9s limon\u00e1d\u00e9val<\/p>\n            <\/div>\n            \n            <\/div><\/div>\t\t\t\t<\/div>\n\t\t\t\t<\/div>\n\t\t\t\t<div class=\"elementor-element elementor-element-3f9b0c69 jkit-equal-height-enable elementor-widget elementor-widget-jkit_icon_box\" data-id=\"3f9b0c69\" data-element_type=\"widget\" data-e-type=\"widget\" data-settings=\"{&quot;plus_gsap_animation_type&quot;:&quot;none&quot;}\" data-widget_type=\"jkit_icon_box.default\">\n\t\t\t\t<div class=\"elementor-widget-container\">\n\t\t\t\t\t<div  class=\"jeg-elementor-kit jkit-icon-box icon-position- elementor-animation- jeg_module__2_6a0478404902b\" ><div class=\"jkit-icon-box-wrapper hover-from-left\"><div class=\"icon-box icon-box-body\">\n                <h2 class=\"title\">Sun goes down: 33.000 Ft\/2 \u00f3ra (naplemente)<\/h2><p class=\"icon-box-description\">Tapas box-al \u00e9s limon\u00e1d\u00e9val<\/p>\n            <\/div>\n            \n            <\/div><\/div>\t\t\t\t<\/div>\n\t\t\t\t<\/div>\n\t\t\t\t<div class=\"elementor-element elementor-element-b9b76db jkit-equal-height-enable elementor-widget elementor-widget-jkit_icon_box\" data-id=\"b9b76db\" data-element_type=\"widget\" data-e-type=\"widget\" data-settings=\"{&quot;plus_gsap_animation_type&quot;:&quot;none&quot;}\" data-widget_type=\"jkit_icon_box.default\">\n\t\t\t\t<div class=\"elementor-widget-container\">\n\t\t\t\t\t<div  class=\"jeg-elementor-kit jkit-icon-box icon-position- elementor-animation- jeg_module__3_6a04784049cb7\" ><div class=\"jkit-icon-box-wrapper hover-from-left\"><div class=\"icon-box icon-box-body\">\n                <h2 class=\"title\">Candlelight: 35.000 Ft\/2 \u00f3ra (esti)<\/h2><p class=\"icon-box-description\">Tapas box-al \u00e9s limon\u00e1d\u00e9val, l\u00e1mp\u00e1sokkal \u00e9s m\u00e9csesekkel extra romantikus hangulatot teremtve<\/p>\n            <\/div>\n            \n            <\/div><\/div>\t\t\t\t<\/div>\n\t\t\t\t<\/div>\n\t\t\t\t<\/div>\n\t\t\t\t<div class=\"elementor-element elementor-element-45a22e1a elementor-invisible elementor-widget elementor-widget-text-editor\" data-id=\"45a22e1a\" data-element_type=\"widget\" data-e-type=\"widget\" data-settings=\"{&quot;_animation&quot;:&quot;fadeIn&quot;,&quot;_animation_delay&quot;:&quot;200&quot;,&quot;plus_gsap_animation_type&quot;:&quot;none&quot;}\" data-widget_type=\"text-editor.default\">\n\t\t\t\t<div class=\"elementor-widget-container\">\n\t\t\t\t\t\t\t\t\t<div dir=\"ltr\"><div class=\"gmail_default\">A st\u00e9get egyszerre 6 f\u0151 tudja ig\u00e9nybe venni. Az \u00e1rak a st\u00e9g b\u00e9rl\u00e9s\u00e9re vonatkoznak dekorral, t\u00e1rsasj\u00e1t\u00e9kokkal \u00e9s 2 f\u0151re a megadott \u00e9telekkel \u00e9s italokkal. Egy\u00e9b \u00e9telek-italok bek\u00e9sz\u00edt\u00e9se is k\u00e9rhet\u0151 ezekr\u0151l b\u0151vebben \u00e9rdekl\u0151dj foglal\u00e1skor.<br \/>\u00a02 f\u0151 felett minden tov\u00e1bbi f\u0151 +8.000 Ft.<b><\/b><\/div><div class=\"gmail_default\">Csak a st\u00e9g b\u00e9rl\u00e9se bek\u00e9sz\u00edt\u00e9s n\u00e9lk\u00fcl alap dekorral, p\u00e1rn\u00e1kkal, poharakkal, \u00e9tk\u00e9szlettel 25.000 Ft 2 \u00f3r\u00e1ra.<\/div><\/div>\t\t\t\t\t\t\t\t<\/div>\n\t\t\t\t<\/div>\n\t\t\t\t\t<\/div>\n\t\t\t\t<\/div>\n\t\t<div class=\"elementor-element elementor-element-1b9542ab e-flex e-con-boxed e-con e-parent\" data-id=\"1b9542ab\" data-element_type=\"container\" data-e-type=\"container\" data-settings=\"{&quot;plus_gsap_animation_type&quot;:&quot;none&quot;}\">\n\t\t\t\t\t<div class=\"e-con-inner\">\n\t\t\t\t<div class=\"elementor-element elementor-element-25a19f3d elementor-widget__width-initial elementor-widget-tablet__width-inherit elementor-invisible elementor-widget elementor-widget-heading\" data-id=\"25a19f3d\" data-element_type=\"widget\" data-e-type=\"widget\" data-settings=\"{&quot;_animation&quot;:&quot;fadeIn&quot;,&quot;plus_gsap_animation_type&quot;:&quot;none&quot;}\" data-widget_type=\"heading.default\">\n\t\t\t\t<div class=\"elementor-widget-container\">\n\t\t\t\t\t<h2 class=\"elementor-heading-title elementor-size-default\">K\u00e9pek<\/h2>\t\t\t\t<\/div>\n\t\t\t\t<\/div>\n\t\t\t\t<div class=\"elementor-element elementor-element-577ccf86 elementor-widget elementor-widget-gallery\" data-id=\"577ccf86\" data-element_type=\"widget\" data-e-type=\"widget\" data-settings=\"{&quot;aspect_ratio&quot;:&quot;4:3&quot;,&quot;columns&quot;:3,&quot;lazyload&quot;:&quot;yes&quot;,&quot;gallery_layout&quot;:&quot;grid&quot;,&quot;columns_tablet&quot;:2,&quot;columns_mobile&quot;:1,&quot;gap&quot;:{&quot;unit&quot;:&quot;px&quot;,&quot;size&quot;:10,&quot;sizes&quot;:[]},&quot;gap_tablet&quot;:{&quot;unit&quot;:&quot;px&quot;,&quot;size&quot;:10,&quot;sizes&quot;:[]},&quot;gap_mobile&quot;:{&quot;unit&quot;:&quot;px&quot;,&quot;size&quot;:10,&quot;sizes&quot;:[]},&quot;link_to&quot;:&quot;file&quot;,&quot;overlay_background&quot;:&quot;yes&quot;,&quot;content_hover_animation&quot;:&quot;fade-in&quot;,&quot;plus_gsap_animation_type&quot;:&quot;none&quot;}\" data-widget_type=\"gallery.default\">\n\t\t\t\t<div class=\"elementor-widget-container\">\n\t\t\t\t\t\t\t<div class=\"elementor-gallery__container\">\n\t\t\t\t\t\t\t<a class=\"e-gallery-item elementor-gallery-item elementor-animated-content\" href=\"https:\/\/effclusive-picnics.hu\/wp-content\/uploads\/2024\/09\/effclusive-ppicnics-maria-es-peter-4.webp\" data-elementor-open-lightbox=\"yes\" data-elementor-lightbox-slideshow=\"577ccf86\" data-elementor-lightbox-title=\"effclusive-ppicnics-maria-es-peter-4\" data-e-action-hash=\"#elementor-action%3Aaction%3Dlightbox%26settings%3DeyJpZCI6ODc3NSwidXJsIjoiaHR0cHM6XC9cL2VmZmNsdXNpdmUtcGljbmljcy5odVwvd3AtY29udGVudFwvdXBsb2Fkc1wvMjAyNFwvMDlcL2VmZmNsdXNpdmUtcHBpY25pY3MtbWFyaWEtZXMtcGV0ZXItNC53ZWJwIiwic2xpZGVzaG93IjoiNTc3Y2NmODYifQ%3D%3D\">\n\t\t\t\t\t<div class=\"e-gallery-image elementor-gallery-item__image\" data-thumbnail=\"https:\/\/effclusive-picnics.hu\/wp-content\/uploads\/2024\/09\/effclusive-ppicnics-maria-es-peter-4.webp\" data-width=\"1280\" data-height=\"853\" aria-label=\"\" role=\"img\" ><\/div>\n\t\t\t\t\t\t\t\t\t\t\t<div class=\"elementor-gallery-item__overlay\"><\/div>\n\t\t\t\t\t\t\t\t\t\t\t\t\t\t<\/a>\n\t\t\t\t\t\t\t<a class=\"e-gallery-item elementor-gallery-item elementor-animated-content\" href=\"https:\/\/effclusive-picnics.hu\/wp-content\/uploads\/2024\/09\/effclusive-ppicnics-maria-es-peter-5.webp\" data-elementor-open-lightbox=\"yes\" data-elementor-lightbox-slideshow=\"577ccf86\" data-elementor-lightbox-title=\"effclusive-ppicnics-maria-es-peter-5\" data-e-action-hash=\"#elementor-action%3Aaction%3Dlightbox%26settings%3DeyJpZCI6ODc3NiwidXJsIjoiaHR0cHM6XC9cL2VmZmNsdXNpdmUtcGljbmljcy5odVwvd3AtY29udGVudFwvdXBsb2Fkc1wvMjAyNFwvMDlcL2VmZmNsdXNpdmUtcHBpY25pY3MtbWFyaWEtZXMtcGV0ZXItNS53ZWJwIiwic2xpZGVzaG93IjoiNTc3Y2NmODYifQ%3D%3D\">\n\t\t\t\t\t<div class=\"e-gallery-image elementor-gallery-item__image\" data-thumbnail=\"https:\/\/effclusive-picnics.hu\/wp-content\/uploads\/2024\/09\/effclusive-ppicnics-maria-es-peter-5.webp\" data-width=\"1280\" data-height=\"853\" aria-label=\"\" role=\"img\" ><\/div>\n\t\t\t\t\t\t\t\t\t\t\t<div class=\"elementor-gallery-item__overlay\"><\/div>\n\t\t\t\t\t\t\t\t\t\t\t\t\t\t<\/a>\n\t\t\t\t\t\t\t<a class=\"e-gallery-item elementor-gallery-item elementor-animated-content\" href=\"https:\/\/effclusive-picnics.hu\/wp-content\/uploads\/2024\/09\/effclusive-ppicnics-maria-es-peter-3.webp\" data-elementor-open-lightbox=\"yes\" data-elementor-lightbox-slideshow=\"577ccf86\" data-elementor-lightbox-title=\"effclusive-ppicnics-maria-es-peter-3\" data-e-action-hash=\"#elementor-action%3Aaction%3Dlightbox%26settings%3DeyJpZCI6ODc3NCwidXJsIjoiaHR0cHM6XC9cL2VmZmNsdXNpdmUtcGljbmljcy5odVwvd3AtY29udGVudFwvdXBsb2Fkc1wvMjAyNFwvMDlcL2VmZmNsdXNpdmUtcHBpY25pY3MtbWFyaWEtZXMtcGV0ZXItMy53ZWJwIiwic2xpZGVzaG93IjoiNTc3Y2NmODYifQ%3D%3D\">\n\t\t\t\t\t<div class=\"e-gallery-image elementor-gallery-item__image\" data-thumbnail=\"https:\/\/effclusive-picnics.hu\/wp-content\/uploads\/2024\/09\/effclusive-ppicnics-maria-es-peter-3.webp\" data-width=\"1280\" data-height=\"853\" aria-label=\"\" role=\"img\" ><\/div>\n\t\t\t\t\t\t\t\t\t\t\t<div class=\"elementor-gallery-item__overlay\"><\/div>\n\t\t\t\t\t\t\t\t\t\t\t\t\t\t<\/a>\n\t\t\t\t\t\t\t<a class=\"e-gallery-item elementor-gallery-item elementor-animated-content\" href=\"https:\/\/effclusive-picnics.hu\/wp-content\/uploads\/2024\/09\/effclusive-ppicnics-maria-es-peter-1.webp\" data-elementor-open-lightbox=\"yes\" data-elementor-lightbox-slideshow=\"577ccf86\" data-elementor-lightbox-title=\"effclusive-ppicnics-maria-es-peter-1\" data-e-action-hash=\"#elementor-action%3Aaction%3Dlightbox%26settings%3DeyJpZCI6ODc3MiwidXJsIjoiaHR0cHM6XC9cL2VmZmNsdXNpdmUtcGljbmljcy5odVwvd3AtY29udGVudFwvdXBsb2Fkc1wvMjAyNFwvMDlcL2VmZmNsdXNpdmUtcHBpY25pY3MtbWFyaWEtZXMtcGV0ZXItMS53ZWJwIiwic2xpZGVzaG93IjoiNTc3Y2NmODYifQ%3D%3D\">\n\t\t\t\t\t<div class=\"e-gallery-image elementor-gallery-item__image\" data-thumbnail=\"https:\/\/effclusive-picnics.hu\/wp-content\/uploads\/2024\/09\/effclusive-ppicnics-maria-es-peter-1.webp\" data-width=\"1280\" data-height=\"853\" aria-label=\"\" role=\"img\" ><\/div>\n\t\t\t\t\t\t\t\t\t\t\t<div class=\"elementor-gallery-item__overlay\"><\/div>\n\t\t\t\t\t\t\t\t\t\t\t\t\t\t<\/a>\n\t\t\t\t\t\t\t<a class=\"e-gallery-item elementor-gallery-item elementor-animated-content\" href=\"https:\/\/effclusive-picnics.hu\/wp-content\/uploads\/2024\/09\/effclusive-ppicnics-maria-es-peter-2.webp\" data-elementor-open-lightbox=\"yes\" data-elementor-lightbox-slideshow=\"577ccf86\" data-elementor-lightbox-title=\"effclusive-ppicnics-maria-es-peter-2\" data-e-action-hash=\"#elementor-action%3Aaction%3Dlightbox%26settings%3DeyJpZCI6ODc3MywidXJsIjoiaHR0cHM6XC9cL2VmZmNsdXNpdmUtcGljbmljcy5odVwvd3AtY29udGVudFwvdXBsb2Fkc1wvMjAyNFwvMDlcL2VmZmNsdXNpdmUtcHBpY25pY3MtbWFyaWEtZXMtcGV0ZXItMi53ZWJwIiwic2xpZGVzaG93IjoiNTc3Y2NmODYifQ%3D%3D\">\n\t\t\t\t\t<div class=\"e-gallery-image elementor-gallery-item__image\" data-thumbnail=\"https:\/\/effclusive-picnics.hu\/wp-content\/uploads\/2024\/09\/effclusive-ppicnics-maria-es-peter-2.webp\" data-width=\"1280\" data-height=\"853\" aria-label=\"\" role=\"img\" ><\/div>\n\t\t\t\t\t\t\t\t\t\t\t<div class=\"elementor-gallery-item__overlay\"><\/div>\n\t\t\t\t\t\t\t\t\t\t\t\t\t\t<\/a>\n\t\t\t\t\t\t\t<a class=\"e-gallery-item elementor-gallery-item elementor-animated-content\" href=\"https:\/\/effclusive-picnics.hu\/wp-content\/uploads\/2024\/09\/effclusive-ppicnics-maria-es-peter-6.webp\" data-elementor-open-lightbox=\"yes\" data-elementor-lightbox-slideshow=\"577ccf86\" data-elementor-lightbox-title=\"effclusive-ppicnics-maria-es-peter-6\" data-e-action-hash=\"#elementor-action%3Aaction%3Dlightbox%26settings%3DeyJpZCI6ODc3NywidXJsIjoiaHR0cHM6XC9cL2VmZmNsdXNpdmUtcGljbmljcy5odVwvd3AtY29udGVudFwvdXBsb2Fkc1wvMjAyNFwvMDlcL2VmZmNsdXNpdmUtcHBpY25pY3MtbWFyaWEtZXMtcGV0ZXItNi53ZWJwIiwic2xpZGVzaG93IjoiNTc3Y2NmODYifQ%3D%3D\">\n\t\t\t\t\t<div class=\"e-gallery-image elementor-gallery-item__image\" data-thumbnail=\"https:\/\/effclusive-picnics.hu\/wp-content\/uploads\/2024\/09\/effclusive-ppicnics-maria-es-peter-6.webp\" data-width=\"1280\" data-height=\"853\" aria-label=\"\" role=\"img\" ><\/div>\n\t\t\t\t\t\t\t\t\t\t\t<div class=\"elementor-gallery-item__overlay\"><\/div>\n\t\t\t\t\t\t\t\t\t\t\t\t\t\t<\/a>\n\t\t\t\t\t<\/div>\n\t\t\t\t\t<\/div>\n\t\t\t\t<\/div>\n\t\t\t\t\t<\/div>\n\t\t\t\t<\/div>\n\t\t<div class=\"elementor-element elementor-element-225e6587 e-con-full e-flex e-con e-parent\" data-id=\"225e6587\" data-element_type=\"container\" data-e-type=\"container\" data-settings=\"{&quot;background_background&quot;:&quot;classic&quot;,&quot;plus_gsap_animation_type&quot;:&quot;none&quot;}\">\n\t\t<div class=\"elementor-element elementor-element-3b1154ce e-con-full e-flex e-con e-child\" data-id=\"3b1154ce\" data-element_type=\"container\" data-e-type=\"container\" data-settings=\"{&quot;background_background&quot;:&quot;classic&quot;,&quot;plus_gsap_animation_type&quot;:&quot;none&quot;}\">\n\t\t\t\t<div class=\"elementor-element elementor-element-30f950ec elementor-widget-mobile__width-inherit elementor-invisible elementor-widget elementor-widget-heading\" data-id=\"30f950ec\" data-element_type=\"widget\" data-e-type=\"widget\" data-settings=\"{&quot;_animation&quot;:&quot;fadeIn&quot;,&quot;plus_gsap_animation_type&quot;:&quot;none&quot;}\" data-widget_type=\"heading.default\">\n\t\t\t\t<div class=\"elementor-widget-container\">\n\t\t\t\t\t<h2 class=\"elementor-heading-title elementor-size-default\">Megtetszett az Beduin s\u00e1tras piknik esk\u00fcv\u0151 gondolata?<\/h2>\t\t\t\t<\/div>\n\t\t\t\t<\/div>\n\t\t\t\t<div class=\"elementor-element elementor-element-5af6b2a8 elementor-widget-mobile__width-inherit elementor-invisible elementor-widget elementor-widget-text-editor\" data-id=\"5af6b2a8\" data-element_type=\"widget\" data-e-type=\"widget\" data-settings=\"{&quot;_animation&quot;:&quot;fadeIn&quot;,&quot;_animation_delay&quot;:&quot;200&quot;,&quot;plus_gsap_animation_type&quot;:&quot;none&quot;}\" data-widget_type=\"text-editor.default\">\n\t\t\t\t<div class=\"elementor-widget-container\">\n\t\t\t\t\t\t\t\t\t<p>Vegy\u00e9tek fel vel\u00fcnk a kapcsolatot \u00e9s mi mindenben seg\u00edt\u00fcnk!\u00a0<\/p>\t\t\t\t\t\t\t\t<\/div>\n\t\t\t\t<\/div>\n\t\t\t\t<div class=\"elementor-element elementor-element-15c62605 elementor-button-align-stretch elementor-widget elementor-widget-form\" data-id=\"15c62605\" data-element_type=\"widget\" data-e-type=\"widget\" data-settings=\"{&quot;step_next_label&quot;:&quot;K\\u00f6vetkez\\u0151&quot;,&quot;step_previous_label&quot;:&quot;El\\u0151z\\u0151&quot;,&quot;button_width&quot;:&quot;100&quot;,&quot;step_type&quot;:&quot;number_text&quot;,&quot;step_icon_shape&quot;:&quot;circle&quot;,&quot;plus_gsap_animation_type&quot;:&quot;none&quot;}\" data-widget_type=\"form.default\">\n\t\t\t\t<div class=\"elementor-widget-container\">\n\t\t\t\t\t\t\t<form class=\"elementor-form\" method=\"post\" name=\"\u00daj \u0171rlap\" aria-label=\"\u00daj \u0171rlap\">\n\t\t\t<input type=\"hidden\" name=\"post_id\" value=\"15205\"\/>\n\t\t\t<input type=\"hidden\" name=\"form_id\" value=\"15c62605\"\/>\n\t\t\t<input type=\"hidden\" name=\"referer_title\" value=\"Beduin s\u00e1tras\u00a0piknik esk\u00fcv\u0151 - Effclusive-Picnics\" \/>\n\n\t\t\t\t\t\t\t<input type=\"hidden\" name=\"queried_id\" value=\"15205\"\/>\n\t\t\t\n\t\t\t<div class=\"elementor-form-fields-wrapper elementor-labels-\">\n\t\t\t\t\t\t\t\t<div class=\"elementor-field-type-text elementor-field-group elementor-column elementor-field-group-name elementor-col-100 elementor-field-required\">\n\t\t\t\t\t\t\t\t\t\t\t\t<label for=\"form-field-name\" class=\"elementor-field-label elementor-screen-only\">\n\t\t\t\t\t\t\t\tN\u00e9v\t\t\t\t\t\t\t<\/label>\n\t\t\t\t\t\t\t\t\t\t\t\t\t\t<input size=\"1\" type=\"text\" name=\"form_fields[name]\" id=\"form-field-name\" class=\"elementor-field elementor-size-sm  elementor-field-textual\" placeholder=\"N\u00e9v\" required=\"required\">\n\t\t\t\t\t\t\t\t\t\t\t<\/div>\n\t\t\t\t\t\t\t\t<div class=\"elementor-field-type-email elementor-field-group elementor-column elementor-field-group-email elementor-col-100 elementor-field-required\">\n\t\t\t\t\t\t\t\t\t\t\t\t<label for=\"form-field-email\" class=\"elementor-field-label elementor-screen-only\">\n\t\t\t\t\t\t\t\tEmail\t\t\t\t\t\t\t<\/label>\n\t\t\t\t\t\t\t\t\t\t\t\t\t\t<input size=\"1\" type=\"email\" name=\"form_fields[email]\" id=\"form-field-email\" class=\"elementor-field elementor-size-sm  elementor-field-textual\" placeholder=\"Email\" required=\"required\">\n\t\t\t\t\t\t\t\t\t\t\t<\/div>\n\t\t\t\t\t\t\t\t<div class=\"elementor-field-type-tel elementor-field-group elementor-column elementor-field-group-field_05c31c1 elementor-col-100 elementor-field-required\">\n\t\t\t\t\t\t\t\t\t\t\t\t<label for=\"form-field-field_05c31c1\" class=\"elementor-field-label elementor-screen-only\">\n\t\t\t\t\t\t\t\tTelefonsz\u00e1m\t\t\t\t\t\t\t<\/label>\n\t\t\t\t\t\t\t\t<input size=\"1\" type=\"tel\" name=\"form_fields[field_05c31c1]\" id=\"form-field-field_05c31c1\" class=\"elementor-field elementor-size-sm  elementor-field-textual\" placeholder=\"Telefonsz\u00e1m\" required=\"required\" pattern=\"[0-9()#&amp;+*-=.]+\" title=\"Phone number\">\n\n\t\t\t\t\t\t<\/div>\n\t\t\t\t\t\t\t\t<div class=\"elementor-field-type-number elementor-field-group elementor-column elementor-field-group-field_ac217b7 elementor-col-100 elementor-field-required\">\n\t\t\t\t\t\t\t\t\t\t\t\t<label for=\"form-field-field_ac217b7\" class=\"elementor-field-label elementor-screen-only\">\n\t\t\t\t\t\t\t\tL\u00e9tsz\u00e1m\t\t\t\t\t\t\t<\/label>\n\t\t\t\t\t\t\t\t\t<input type=\"number\" name=\"form_fields[field_ac217b7]\" id=\"form-field-field_ac217b7\" class=\"elementor-field elementor-size-sm  elementor-field-textual\" placeholder=\"L\u00e9tsz\u00e1m\" required=\"required\" min=\"1\" max=\"6\" >\n\t\t\t\t\t\t<\/div>\n\t\t\t\t\t\t\t\t<div class=\"elementor-field-type-textarea elementor-field-group elementor-column elementor-field-group-field_f848ea8 elementor-col-100 elementor-field-required\">\n\t\t\t\t\t\t\t\t\t\t\t\t<label for=\"form-field-field_f848ea8\" class=\"elementor-field-label elementor-screen-only\">\n\t\t\t\t\t\t\t\t\u00dczenet\t\t\t\t\t\t\t<\/label>\n\t\t\t\t\t\t<textarea class=\"elementor-field-textual elementor-field  elementor-size-sm\" name=\"form_fields[field_f848ea8]\" id=\"form-field-field_f848ea8\" rows=\"4\" placeholder=\"\u00dczenet\" required=\"required\"><\/textarea>\t\t\t\t<\/div>\n\t\t\t\t\t\t\t\t<div class=\"elementor-field-type-text elementor-field-group elementor-column elementor-field-group-message elementor-col-100 elementor-field-required\">\n\t\t\t\t\t\t\t\t\t\t\t\t<label for=\"form-field-message\" class=\"elementor-field-label elementor-screen-only\">\n\t\t\t\t\t\t\t\tHonnan hallottatok r\u00f3lunk?\t\t\t\t\t\t\t<\/label>\n\t\t\t\t\t\t\t\t\t\t\t\t\t\t<input size=\"1\" type=\"text\" name=\"form_fields[message]\" id=\"form-field-message\" class=\"elementor-field elementor-size-sm  elementor-field-textual\" placeholder=\"Honnan hallottatok r\u00f3lunk?\" required=\"required\">\n\t\t\t\t\t\t\t\t\t\t\t<\/div>\n\t\t\t\t\t\t\t\t<div class=\"elementor-field-type-acceptance elementor-field-group elementor-column elementor-field-group-field_6a2c62f elementor-col-100 elementor-field-required\">\n\t\t\t\t\t\t\t\t\t\t\t\t<label for=\"form-field-field_6a2c62f\" class=\"elementor-field-label elementor-screen-only\">\n\t\t\t\t\t\t\t\tGDPR\t\t\t\t\t\t\t<\/label>\n\t\t\t\t\t\t\t\t<div class=\"elementor-field-subgroup\">\n\t\t\t<span class=\"elementor-field-option\">\n\t\t\t\t<input type=\"checkbox\" name=\"form_fields[field_6a2c62f]\" id=\"form-field-field_6a2c62f\" class=\"elementor-field elementor-size-sm  elementor-acceptance-field\" required=\"required\">\n\t\t\t\t<label for=\"form-field-field_6a2c62f\">Elolvastam \u00e9s elfogadom az <a href=\"https:\/\/effclusive-picnics.hu\/adatvedelmi-tajekoztato\/\">adatv\u00e9delmi t\u00e1j\u00e9koztat\u00f3ban<\/a> foglaltakat.<\/label>\t\t\t<\/span>\n\t\t<\/div>\n\t\t\t\t\t\t<\/div>\n\t\t\t\t\t\t\t\t<div class=\"elementor-field-type-acceptance elementor-field-group elementor-column elementor-field-group-field_0e76353 elementor-col-100 elementor-field-required\">\n\t\t\t\t\t\t\t\t\t\t\t\t<label for=\"form-field-field_0e76353\" class=\"elementor-field-label elementor-screen-only\">\n\t\t\t\t\t\t\t\tLemond\u00e1s\t\t\t\t\t\t\t<\/label>\n\t\t\t\t\t\t\t\t<div class=\"elementor-field-subgroup\">\n\t\t\t<span class=\"elementor-field-option\">\n\t\t\t\t<input type=\"checkbox\" name=\"form_fields[field_0e76353]\" id=\"form-field-field_0e76353\" class=\"elementor-field elementor-size-sm  elementor-acceptance-field\" required=\"required\">\n\t\t\t\t<label for=\"form-field-field_0e76353\">Elolvastam \u00e9s elfogadom a <a href=\"https:\/\/effclusive-picnics.hu\/foglalasi-es-lemondasi-feltetelek\/\">foglal\u00e1si \u00e9s lemond\u00e1si felt\u00e9teleket.<\/a><\/label>\t\t\t<\/span>\n\t\t<\/div>\n\t\t\t\t\t\t<\/div>\n\t\t\t\t\t\t\t\t<div class=\"elementor-field-type-recaptcha_v3 elementor-field-group elementor-column elementor-field-group-field_cc5072b elementor-col-100 recaptcha_v3-bottomright\">\n\t\t\t\t\t<div class=\"elementor-field\" id=\"form-field-field_cc5072b\"><div class=\"elementor-g-recaptcha\" data-sitekey=\"6LfKj4opAAAAAFaZnfy6QWZhr-AUloNf8CnuRdt4\" data-type=\"v3\" data-action=\"Form\" data-badge=\"bottomright\" data-size=\"invisible\"><\/div><\/div>\t\t\t\t<\/div>\n\t\t\t\t\t\t\t\t<div class=\"elementor-field-group elementor-column elementor-field-type-submit elementor-col-100 e-form__buttons\">\n\t\t\t\t\t<button class=\"elementor-button elementor-size-sm elementor-animation-shrink\" type=\"submit\">\n\t\t\t\t\t\t<span class=\"elementor-button-content-wrapper\">\n\t\t\t\t\t\t\t\t\t\t\t\t\t\t\t\t\t\t\t\t\t\t<span class=\"elementor-button-text\">K\u00fcld\u00e9s<\/span>\n\t\t\t\t\t\t\t\t\t\t\t\t\t<\/span>\n\t\t\t\t\t<\/button>\n\t\t\t\t<\/div>\n\t\t\t<\/div>\n\t\t<\/form>\n\t\t\t\t\t\t<\/div>\n\t\t\t\t<\/div>\n\t\t\t\t<\/div>\n\t\t\t\t<\/div>\n\t\t\t\t<\/div>\n\t\t","protected":false},"excerpt":{"rendered":"<p>Csomagok: Brunch: 30.000.-\/2 \u00f3ra (d\u00e9lel\u0151tt) Orf\u0171i Malmokban k\u00e9sz\u00fclt k\u00e9zm\u0171ves reggelivel, limon\u00e1d\u00e9val Chill: 30.000 Ft\/2 \u00f3ra (d\u00e9lut\u00e1n) Tapas box-al \u00e9s limon\u00e1d\u00e9val Sun goes down: 33.000 Ft\/2 \u00f3ra (naplemente) Tapas box-al \u00e9s limon\u00e1d\u00e9val Candlelight: 35.000 Ft\/2 \u00f3ra (esti) Tapas box-al \u00e9s limon\u00e1d\u00e9val, l\u00e1mp\u00e1sokkal \u00e9s m\u00e9csesekkel extra romantikus hangulatot teremtve A st\u00e9get egyszerre 6 f\u0151 tudja ig\u00e9nybe venni. [&hellip;]<\/p>\n","protected":false},"author":5,"featured_media":0,"parent":4579,"menu_order":0,"comment_status":"closed","ping_status":"closed","template":"","meta":{"footnotes":""},"class_list":["post-15205","page","type-page","status-publish","hentry"],"_links":{"self":[{"href":"https:\/\/effclusive-picnics.hu\/en\/wp-json\/wp\/v2\/pages\/15205","targetHints":{"allow":["GET"]}}],"collection":[{"href":"https:\/\/effclusive-picnics.hu\/en\/wp-json\/wp\/v2\/pages"}],"about":[{"href":"https:\/\/effclusive-picnics.hu\/en\/wp-json\/wp\/v2\/types\/page"}],"author":[{"embeddable":true,"href":"https:\/\/effclusive-picnics.hu\/en\/wp-json\/wp\/v2\/users\/5"}],"replies":[{"embeddable":true,"href":"https:\/\/effclusive-picnics.hu\/en\/wp-json\/wp\/v2\/comments?post=15205"}],"version-history":[{"count":4,"href":"https:\/\/effclusive-picnics.hu\/en\/wp-json\/wp\/v2\/pages\/15205\/revisions"}],"predecessor-version":[{"id":15216,"href":"https:\/\/effclusive-picnics.hu\/en\/wp-json\/wp\/v2\/pages\/15205\/revisions\/15216"}],"up":[{"embeddable":true,"href":"https:\/\/effclusive-picnics.hu\/en\/wp-json\/wp\/v2\/pages\/4579"}],"wp:attachment":[{"href":"https:\/\/effclusive-picnics.hu\/en\/wp-json\/wp\/v2\/media?parent=15205"}],"curies":[{"name":"wp","href":"https:\/\/api.w.org\/{rel}","templated":true}]}}