{"id":4809,"date":"2024-02-13T11:45:03","date_gmt":"2024-02-13T10:45:03","guid":{"rendered":"https:\/\/effclusive-picnics.hu\/?page_id=4809"},"modified":"2024-04-29T09:49:20","modified_gmt":"2024-04-29T07:49:20","slug":"tersegeink","status":"publish","type":"page","link":"https:\/\/effclusive-picnics.hu\/en\/tersegeink\/","title":{"rendered":"Packages and prices"},"content":{"rendered":"<div data-elementor-type=\"wp-page\" data-elementor-id=\"4809\" class=\"elementor elementor-4809\" data-elementor-post-type=\"page\">\n\t\t\t\t<div class=\"elementor-element elementor-element-4fa9ba7a e-flex e-con-boxed e-con e-parent\" data-id=\"4fa9ba7a\" data-element_type=\"container\" data-e-type=\"container\" data-settings=\"{&quot;background_background&quot;:&quot;classic&quot;,&quot;plus_gsap_animation_type&quot;:&quot;none&quot;}\">\n\t\t\t\t\t<div class=\"e-con-inner\">\n\t\t<div class=\"elementor-element elementor-element-47807458 e-con-full e-flex e-con e-child\" data-id=\"47807458\" data-element_type=\"container\" data-e-type=\"container\" data-settings=\"{&quot;plus_gsap_animation_type&quot;:&quot;none&quot;}\">\n\t\t\t\t<div class=\"elementor-element elementor-element-18d84b2a elementor-widget__width-auto text--mobilecenter text-center elementor-widget elementor-widget-tp-breadcrumbs-bar\" data-id=\"18d84b2a\" data-element_type=\"widget\" data-e-type=\"widget\" data-settings=\"{&quot;plus_gsap_animation_type&quot;:&quot;none&quot;}\" data-widget_type=\"tp-breadcrumbs-bar.default\">\n\t\t\t\t<div class=\"elementor-widget-container\">\n\t\t\t\t\t<div id=\"bread69f4a73898714\" class=\"pt_plus_breadcrumbs_bar\"  \"><div class=\"pt_plus_breadcrumbs_bar_inner bred_style_1 breadcrumps-full\" style=\"width:100%; \"><nav id=\"breadcrumbs\"><span class=\"bc_home\"><a class=\"home_bread_tab\" href=\"https:\/\/effclusive-picnics.hu\/en\/\"><i class=\"fa fa-bank bread-home-icon\" ><\/i>Homepage<i class=\"fa iconsmind-Arrow-Right bread-sep-icon\" ><\/i><\/a><\/span> <span class=\"del\"><\/span> <span class=\"current\"><div class=\"current_tab_sec\">Page<\/div><\/span><\/nav><\/div><\/div>\t\t\t\t<\/div>\n\t\t\t\t<\/div>\n\t\t\t\t<div class=\"elementor-element elementor-element-140d1439 elementor-widget elementor-widget-html\" data-id=\"140d1439\" data-element_type=\"widget\" data-e-type=\"widget\" data-settings=\"{&quot;plus_gsap_animation_type&quot;:&quot;none&quot;}\" data-widget_type=\"html.default\">\n\t\t\t\t<div class=\"elementor-widget-container\">\n\t\t\t\t\t<a class=\"hero-mouse anchor\" href=\"#le\">\n  <div class=\"mouse-icon\"><span><\/span><\/div>\n<\/a>\t\t\t\t<\/div>\n\t\t\t\t<\/div>\n\t\t\t\t<\/div>\n\t\t\t\t\t<\/div>\n\t\t\t\t<\/div>\n\t\t<div class=\"elementor-element elementor-element-7d4a6ec e-flex e-con-boxed e-con e-parent\" data-id=\"7d4a6ec\" data-element_type=\"container\" data-e-type=\"container\" id=\"le\" data-settings=\"{&quot;plus_gsap_animation_type&quot;:&quot;none&quot;}\">\n\t\t\t\t\t<div class=\"e-con-inner\">\n\t\t<div class=\"elementor-element elementor-element-7e7f102 e-con-full e-flex e-con e-child\" data-id=\"7e7f102\" data-element_type=\"container\" data-e-type=\"container\" data-settings=\"{&quot;plus_gsap_animation_type&quot;:&quot;none&quot;}\">\n\t\t\t\t<div class=\"elementor-element elementor-element-52f77c2 elementor-widget elementor-widget-jkit_image_box\" data-id=\"52f77c2\" data-element_type=\"widget\" data-e-type=\"widget\" data-settings=\"{&quot;plus_gsap_animation_type&quot;:&quot;none&quot;}\" data-widget_type=\"jkit_image_box.default\">\n\t\t\t\t<div class=\"elementor-widget-container\">\n\t\t\t\t\t<div  class=\"jeg-elementor-kit jkit-image-box style-floating elementor-animation-float jeg_module___69f4a7389b39e\" ><div class=\"image-box-header elementor-animation-\"><img fetchpriority=\"high\" decoding=\"async\" width=\"1280\" height=\"853\" src=\"https:\/\/effclusive-picnics.hu\/wp-content\/uploads\/2024\/02\/effclusive-picnics-filozofusok-kertje-helyszin-1.webp\" class=\"attachment-full size-full\" alt=\"\" url=\"https:\/\/effclusive-picnics.hu\/wp-content\/uploads\/2024\/02\/effclusive-picnics-filozofusok-kertje-helyszin-1.webp\" source=\"library\" srcset=\"https:\/\/effclusive-picnics.hu\/wp-content\/uploads\/2024\/02\/effclusive-picnics-filozofusok-kertje-helyszin-1.webp 1280w, https:\/\/effclusive-picnics.hu\/wp-content\/uploads\/2024\/02\/effclusive-picnics-filozofusok-kertje-helyszin-1-500x333.webp 500w, https:\/\/effclusive-picnics.hu\/wp-content\/uploads\/2024\/02\/effclusive-picnics-filozofusok-kertje-helyszin-1-1024x682.webp 1024w, https:\/\/effclusive-picnics.hu\/wp-content\/uploads\/2024\/02\/effclusive-picnics-filozofusok-kertje-helyszin-1-768x512.webp 768w, https:\/\/effclusive-picnics.hu\/wp-content\/uploads\/2024\/02\/effclusive-picnics-filozofusok-kertje-helyszin-1-18x12.webp 18w\" sizes=\"(max-width: 1280px) 100vw, 1280px\" \/><\/div><div class=\"image-box-body\">\n            <div class=\"body-inner\"><h2 class=\"body-title icon-position-before\">BUDAPEST-BALATON<\/h2>\n                <div class=\"body-description\"><\/div>\n                <div class=\"body-button\"><div class=\"button-box icon-position-before\"><div class=\"button-wrapper\"><a href=\"\/en\/tersegeink\/budapest-balaton\/\">NEXT<\/a><\/div><\/div><\/div>\n                \n            <\/div>\n        <\/div><\/div>\t\t\t\t<\/div>\n\t\t\t\t<\/div>\n\t\t\t\t<\/div>\n\t\t<div class=\"elementor-element elementor-element-a90081c e-con-full e-flex e-con e-child\" data-id=\"a90081c\" data-element_type=\"container\" data-e-type=\"container\" data-settings=\"{&quot;plus_gsap_animation_type&quot;:&quot;none&quot;}\">\n\t\t\t\t<div class=\"elementor-element elementor-element-efa7dc1 elementor-widget elementor-widget-jkit_image_box\" data-id=\"efa7dc1\" data-element_type=\"widget\" data-e-type=\"widget\" data-settings=\"{&quot;plus_gsap_animation_type&quot;:&quot;none&quot;}\" data-widget_type=\"jkit_image_box.default\">\n\t\t\t\t<div class=\"elementor-widget-container\">\n\t\t\t\t\t<div  class=\"jeg-elementor-kit jkit-image-box style-floating elementor-animation-float jeg_module__1_69f4a7389c5e9\" ><div class=\"image-box-header elementor-animation-\"><img decoding=\"async\" width=\"1280\" height=\"853\" src=\"https:\/\/effclusive-picnics.hu\/wp-content\/uploads\/2024\/02\/effclusive-picnics-balaton-velence-galeria-10.webp\" class=\"attachment-full size-full\" alt=\"\" url=\"https:\/\/effclusive-picnics.hu\/wp-content\/uploads\/2024\/02\/effclusive-picnics-balaton-velence-galeria-10.webp\" source=\"library\" srcset=\"https:\/\/effclusive-picnics.hu\/wp-content\/uploads\/2024\/02\/effclusive-picnics-balaton-velence-galeria-10.webp 1280w, https:\/\/effclusive-picnics.hu\/wp-content\/uploads\/2024\/02\/effclusive-picnics-balaton-velence-galeria-10-500x333.webp 500w, https:\/\/effclusive-picnics.hu\/wp-content\/uploads\/2024\/02\/effclusive-picnics-balaton-velence-galeria-10-1024x682.webp 1024w, https:\/\/effclusive-picnics.hu\/wp-content\/uploads\/2024\/02\/effclusive-picnics-balaton-velence-galeria-10-768x512.webp 768w, https:\/\/effclusive-picnics.hu\/wp-content\/uploads\/2024\/02\/effclusive-picnics-balaton-velence-galeria-10-18x12.webp 18w\" sizes=\"(max-width: 1280px) 100vw, 1280px\" \/><\/div><div class=\"image-box-body\">\n            <div class=\"body-inner\"><h2 class=\"body-title icon-position-before\">P\u00c9CS-FORK-PEAR<\/h2>\n                <div class=\"body-description\"><\/div>\n                <div class=\"body-button\"><div class=\"button-box icon-position-before\"><div class=\"button-wrapper\"><a href=\"\/en\/tersegeink\/pecs-electricity\/\">NEXT<\/a><\/div><\/div><\/div>\n                \n            <\/div>\n        <\/div><\/div>\t\t\t\t<\/div>\n\t\t\t\t<\/div>\n\t\t\t\t<\/div>\n\t\t\t\t\t<\/div>\n\t\t\t\t<\/div>\n\t\t<div class=\"elementor-element elementor-element-4c1f418 e-flex e-con-boxed e-con e-parent\" data-id=\"4c1f418\" data-element_type=\"container\" data-e-type=\"container\" data-settings=\"{&quot;plus_gsap_animation_type&quot;:&quot;none&quot;}\">\n\t\t\t\t\t<div class=\"e-con-inner\">\n\t\t<div class=\"elementor-element elementor-element-ad52b63 e-flex e-con-boxed e-con e-child\" data-id=\"ad52b63\" data-element_type=\"container\" data-e-type=\"container\" data-settings=\"{&quot;plus_gsap_animation_type&quot;:&quot;none&quot;}\">\n\t\t\t\t\t<div class=\"e-con-inner\">\n\t\t<div class=\"elementor-element elementor-element-b1db4e8 e-con-full e-flex e-con e-child\" data-id=\"b1db4e8\" data-element_type=\"container\" data-e-type=\"container\" data-settings=\"{&quot;plus_gsap_animation_type&quot;:&quot;none&quot;}\">\n\t\t\t\t<div class=\"elementor-element elementor-element-b751459 elementor-widget elementor-widget-jkit_image_box\" data-id=\"b751459\" data-element_type=\"widget\" data-e-type=\"widget\" data-settings=\"{&quot;plus_gsap_animation_type&quot;:&quot;none&quot;}\" data-widget_type=\"jkit_image_box.default\">\n\t\t\t\t<div class=\"elementor-widget-container\">\n\t\t\t\t\t<div  class=\"jeg-elementor-kit jkit-image-box style-floating elementor-animation-float jeg_module__2_69f4a7389d5b5\" ><div class=\"image-box-header elementor-animation-\"><img decoding=\"async\" width=\"1280\" height=\"853\" src=\"https:\/\/effclusive-picnics.hu\/wp-content\/uploads\/2024\/02\/effclusive-picnics-kecskemet-nyiregyhaza-debrecen-galeria-15.webp\" class=\"attachment-full size-full\" alt=\"\" url=\"https:\/\/effclusive-picnics.hu\/wp-content\/uploads\/2024\/02\/effclusive-picnics-kecskemet-nyiregyhaza-debrecen-galeria-15.webp\" source=\"library\" srcset=\"https:\/\/effclusive-picnics.hu\/wp-content\/uploads\/2024\/02\/effclusive-picnics-kecskemet-nyiregyhaza-debrecen-galeria-15.webp 1280w, https:\/\/effclusive-picnics.hu\/wp-content\/uploads\/2024\/02\/effclusive-picnics-kecskemet-nyiregyhaza-debrecen-galeria-15-500x333.webp 500w, https:\/\/effclusive-picnics.hu\/wp-content\/uploads\/2024\/02\/effclusive-picnics-kecskemet-nyiregyhaza-debrecen-galeria-15-1024x682.webp 1024w, https:\/\/effclusive-picnics.hu\/wp-content\/uploads\/2024\/02\/effclusive-picnics-kecskemet-nyiregyhaza-debrecen-galeria-15-768x512.webp 768w, https:\/\/effclusive-picnics.hu\/wp-content\/uploads\/2024\/02\/effclusive-picnics-kecskemet-nyiregyhaza-debrecen-galeria-15-18x12.webp 18w\" sizes=\"(max-width: 1280px) 100vw, 1280px\" \/><\/div><div class=\"image-box-body\">\n            <div class=\"body-inner\"><h2 class=\"body-title icon-position-before\">KECSKEM\u00c9T-SEGED<\/h2>\n                <div class=\"body-description\"><\/div>\n                <div class=\"body-button\"><div class=\"button-box icon-position-before\"><div class=\"button-wrapper\"><a href=\"\/en\/tersegeink\/kecskemet-szeged\/\">NEXT<\/a><\/div><\/div><\/div>\n                \n            <\/div>\n        <\/div><\/div>\t\t\t\t<\/div>\n\t\t\t\t<\/div>\n\t\t\t\t<\/div>\n\t\t<div class=\"elementor-element elementor-element-c1a4515 e-con-full e-flex e-con e-child\" data-id=\"c1a4515\" data-element_type=\"container\" data-e-type=\"container\" data-settings=\"{&quot;plus_gsap_animation_type&quot;:&quot;none&quot;}\">\n\t\t\t\t<div class=\"elementor-element elementor-element-5c5ebb4 elementor-widget elementor-widget-jkit_image_box\" data-id=\"5c5ebb4\" data-element_type=\"widget\" data-e-type=\"widget\" data-settings=\"{&quot;plus_gsap_animation_type&quot;:&quot;none&quot;}\" data-widget_type=\"jkit_image_box.default\">\n\t\t\t\t<div class=\"elementor-widget-container\">\n\t\t\t\t\t<div  class=\"jeg-elementor-kit jkit-image-box style-floating elementor-animation-float jeg_module__3_69f4a7389e451\" ><div class=\"image-box-header elementor-animation-\"><img loading=\"lazy\" decoding=\"async\" width=\"1280\" height=\"853\" src=\"https:\/\/effclusive-picnics.hu\/wp-content\/uploads\/2024\/02\/effclusive-picnics-kecskemet-nyiregyhaza-debrecen-galeria-1.webp\" class=\"attachment-full size-full\" alt=\"\" url=\"https:\/\/effclusive-picnics.hu\/wp-content\/uploads\/2024\/02\/effclusive-picnics-kecskemet-nyiregyhaza-debrecen-galeria-1.webp\" source=\"library\" srcset=\"https:\/\/effclusive-picnics.hu\/wp-content\/uploads\/2024\/02\/effclusive-picnics-kecskemet-nyiregyhaza-debrecen-galeria-1.webp 1280w, https:\/\/effclusive-picnics.hu\/wp-content\/uploads\/2024\/02\/effclusive-picnics-kecskemet-nyiregyhaza-debrecen-galeria-1-500x333.webp 500w, https:\/\/effclusive-picnics.hu\/wp-content\/uploads\/2024\/02\/effclusive-picnics-kecskemet-nyiregyhaza-debrecen-galeria-1-1024x682.webp 1024w, https:\/\/effclusive-picnics.hu\/wp-content\/uploads\/2024\/02\/effclusive-picnics-kecskemet-nyiregyhaza-debrecen-galeria-1-768x512.webp 768w, https:\/\/effclusive-picnics.hu\/wp-content\/uploads\/2024\/02\/effclusive-picnics-kecskemet-nyiregyhaza-debrecen-galeria-1-18x12.webp 18w\" sizes=\"(max-width: 1280px) 100vw, 1280px\" \/><\/div><div class=\"image-box-body\">\n            <div class=\"body-inner\"><h2 class=\"body-title icon-position-before\">DEBRECEN-NY\u00cdREGYH\u00c1ZA<\/h2>\n                <div class=\"body-description\"><\/div>\n                <div class=\"body-button\"><div class=\"button-box icon-position-before\"><div class=\"button-wrapper\"><a href=\"\/en\/tersegeink\/debrecen-nyiregyhaza\/\">NEXT<\/a><\/div><\/div><\/div>\n                \n            <\/div>\n        <\/div><\/div>\t\t\t\t<\/div>\n\t\t\t\t<\/div>\n\t\t\t\t<\/div>\n\t\t\t\t\t<\/div>\n\t\t\t\t<\/div>\n\t\t\t\t\t<\/div>\n\t\t\t\t<\/div>\n\t\t\t\t<\/div>","protected":false},"excerpt":{"rendered":"<p>Kezd\u0151oldal Oldal BUDAPEST-BALATON TOV\u00c1BB P\u00c9CS-VILL\u00c1NY-ORF\u0170 TOV\u00c1BB KECSKEM\u00c9T-SZEGED TOV\u00c1BB DEBRECEN-NY\u00cdREGYH\u00c1ZA TOV\u00c1BB<\/p>","protected":false},"author":5,"featured_media":0,"parent":0,"menu_order":0,"comment_status":"closed","ping_status":"closed","template":"","meta":{"footnotes":""},"class_list":["post-4809","page","type-page","status-publish","hentry"],"_links":{"self":[{"href":"https:\/\/effclusive-picnics.hu\/en\/wp-json\/wp\/v2\/pages\/4809","targetHints":{"allow":["GET"]}}],"collection":[{"href":"https:\/\/effclusive-picnics.hu\/en\/wp-json\/wp\/v2\/pages"}],"about":[{"href":"https:\/\/effclusive-picnics.hu\/en\/wp-json\/wp\/v2\/types\/page"}],"author":[{"embeddable":true,"href":"https:\/\/effclusive-picnics.hu\/en\/wp-json\/wp\/v2\/users\/5"}],"replies":[{"embeddable":true,"href":"https:\/\/effclusive-picnics.hu\/en\/wp-json\/wp\/v2\/comments?post=4809"}],"version-history":[{"count":0,"href":"https:\/\/effclusive-picnics.hu\/en\/wp-json\/wp\/v2\/pages\/4809\/revisions"}],"wp:attachment":[{"href":"https:\/\/effclusive-picnics.hu\/en\/wp-json\/wp\/v2\/media?parent=4809"}],"curies":[{"name":"wp","href":"https:\/\/api.w.org\/{rel}","templated":true}]}}