{"id":6033,"date":"2024-03-01T20:37:23","date_gmt":"2024-03-01T19:37:23","guid":{"rendered":"https:\/\/effclusive-picnics.hu\/?page_id=6033"},"modified":"2025-07-31T11:44:40","modified_gmt":"2025-07-31T09:44:40","slug":"reservation-and-cancellation-conditions","status":"publish","type":"page","link":"https:\/\/effclusive-picnics.hu\/en\/foglalasi-es-lemondasi-feltetelek\/","title":{"rendered":"Booking and Cancellation Terms"},"content":{"rendered":"<style>.elementor-6033 .elementor-element.elementor-element-7a0898b7{--display:flex;--min-height:600px;--flex-direction:column;--container-widget-width:100%;--container-widget-height:initial;--container-widget-flex-grow:0;--container-widget-align-self:initial;--flex-wrap-mobile:wrap;--justify-content:center;--gap:0px 0px;--row-gap:0px;--column-gap:0px;--overlay-opacity:1;--margin-top:0px;--margin-bottom:0px;--margin-left:0px;--margin-right:0px;--padding-top:0px;--padding-bottom:0px;--padding-left:20px;--padding-right:20px;}.elementor-6033 .elementor-element.elementor-element-7a0898b7:not(.elementor-motion-effects-element-type-background), .elementor-6033 .elementor-element.elementor-element-7a0898b7 > .elementor-motion-effects-container > .elementor-motion-effects-layer{background-image:url(\"https:\/\/effclusive-picnics.hu\/wp-content\/uploads\/2024\/02\/effclusive-picnics-eskuvo-galeria-39.webp\");background-position:center center;background-size:cover;}.elementor-6033 .elementor-element.elementor-element-7a0898b7::before, .elementor-6033 .elementor-element.elementor-element-7a0898b7 > .elementor-background-video-container::before, .elementor-6033 .elementor-element.elementor-element-7a0898b7 > .e-con-inner > .elementor-background-video-container::before, .elementor-6033 .elementor-element.elementor-element-7a0898b7 > .elementor-background-slideshow::before, .elementor-6033 .elementor-element.elementor-element-7a0898b7 > .e-con-inner > .elementor-background-slideshow::before, .elementor-6033 .elementor-element.elementor-element-7a0898b7 > .elementor-motion-effects-container > .elementor-motion-effects-layer::before{--background-overlay:'';background-color:#0F0F0F70;}.elementor-6033 .elementor-element.elementor-element-c3238af{--display:flex;--gap:0px 0px;--row-gap:0px;--column-gap:0px;--padding-top:120px;--padding-bottom:60px;--padding-left:0px;--padding-right:0px;}.elementor-widget-heading .elementor-heading-title{font-family:var( --e-global-typography-primary-font-family ), Sans-serif;font-size:var( --e-global-typography-primary-font-size );font-weight:var( --e-global-typography-primary-font-weight );text-transform:var( --e-global-typography-primary-text-transform );font-style:var( --e-global-typography-primary-font-style );text-decoration:var( --e-global-typography-primary-text-decoration );line-height:var( --e-global-typography-primary-line-height );letter-spacing:var( --e-global-typography-primary-letter-spacing );color:var( --e-global-color-primary );}.elementor-6033 .elementor-element.elementor-element-a91bc2b{text-align:center;}.elementor-6033 .elementor-element.elementor-element-a91bc2b .elementor-heading-title{font-family:\"Playfair Display\", Sans-serif;font-size:60px;font-weight:500;text-transform:none;font-style:normal;text-decoration:none;line-height:1.15em;letter-spacing:-0.02em;color:var( --e-global-color-f0e0728 );}.elementor-6033 .elementor-element.elementor-element-a91bc2b > .elementor-widget-container{margin:10px 0px 28px 0px;}.elementor-6033 .elementor-element.elementor-element-7b3b16ac{--display:flex;--flex-direction:column;--container-widget-width:100%;--container-widget-height:initial;--container-widget-flex-grow:0;--container-widget-align-self:initial;--flex-wrap-mobile:wrap;--gap:0px 0px;--row-gap:0px;--column-gap:0px;--margin-top:90px;--margin-bottom:100px;--margin-left:0px;--margin-right:0px;--padding-top:0px;--padding-bottom:0px;--padding-left:20px;--padding-right:20px;}.elementor-widget-tp-switcher .switcher-toggle .switch-1 .tp-switch-tooltip1{font-family:var( --e-global-typography-primary-font-family ), Sans-serif;font-size:var( --e-global-typography-primary-font-size );font-weight:var( --e-global-typography-primary-font-weight );text-transform:var( --e-global-typography-primary-text-transform );font-style:var( --e-global-typography-primary-font-style );text-decoration:var( --e-global-typography-primary-text-decoration );line-height:var( --e-global-typography-primary-line-height );letter-spacing:var( --e-global-typography-primary-letter-spacing );}.elementor-widget-tp-switcher .switcher-toggle .switch-2 .tp-switch-tooltip2{font-family:var( --e-global-typography-primary-font-family ), Sans-serif;font-size:var( --e-global-typography-primary-font-size );font-weight:var( --e-global-typography-primary-font-weight );text-transform:var( --e-global-typography-primary-text-transform );font-style:var( --e-global-typography-primary-font-style );text-decoration:var( --e-global-typography-primary-text-decoration );line-height:var( --e-global-typography-primary-line-height );letter-spacing:var( --e-global-typography-primary-letter-spacing );}.elementor-6033 .elementor-element.elementor-element-b04e9d0 .theplus-switcher .switch-1{margin-right:15px;}.elementor-6033 .elementor-element.elementor-element-b04e9d0 .theplus-switcher  .switch-2{margin-left:15px;}.elementor-6033 .elementor-element.elementor-element-b04e9d0 .theplus-switcher .switcher-button{font-size:14px;}.elementor-6033 .elementor-element.elementor-element-b04e9d0 .switch-slider.style-1:before,.elementor-6033 .elementor-element.elementor-element-b04e9d0 .switch-slider.style-2:before{background:#fff;}.elementor-6033 .elementor-element.elementor-element-b04e9d0 .switch-toggle + .switch-slider,.elementor-6033 .elementor-element.elementor-element-b04e9d0 .switcher-toggle.style-4{background:var( --e-global-color-primary );}.elementor-6033 .elementor-element.elementor-element-b04e9d0 .switch-toggle + .switch-slider{color:#313131;}.elementor-6033 .elementor-element.elementor-element-b04e9d0 .theplus-switcher .switcher-toggle.inactive .switch-label-2,.elementor-6033 .elementor-element.elementor-element-b04e9d0 .theplus-switcher .switcher-toggle.active .switch-label-1,.elementor-6033 .elementor-element.elementor-element-b04e9d0 .switcher-toggle.style-4 .switch-label-text{color:#313131;}.elementor-6033 .elementor-element.elementor-element-b04e9d0 .switch-toggle:checked + .switch-slider,.elementor-6033 .elementor-element.elementor-element-b04e9d0 .switcher-toggle.style-4:before{background:var( --e-global-color-primary );}.elementor-6033 .elementor-element.elementor-element-b04e9d0 .theplus-switcher .switcher-toggle.inactive .switch-label-1,.elementor-6033 .elementor-element.elementor-element-b04e9d0 .theplus-switcher .switcher-toggle.active .switch-label-2,.elementor-6033 .elementor-element.elementor-element-b04e9d0 .switcher-toggle.style-4 .switch-label-text{color:#313131;}.elementor-6033 .elementor-element.elementor-element-b04e9d0 .theplus-switcher .switch-label-text{word-break:keep-all;text-align:center;}.elementor-6033 .elementor-element.elementor-element-b04e9d0 .switch-toggle + .switch-slider i{color:#313131;}.elementor-6033 .elementor-element.elementor-element-b04e9d0 .theplus-switcher .switcher-toggle.inactive .switch-label-2 i,.elementor-6033 .elementor-element.elementor-element-b04e9d0 .theplus-switcher .switcher-toggle.active .switch-label-1 i,.elementor-6033 .elementor-element.elementor-element-b04e9d0 .switcher-toggle.style-4 .switch-label-text i{color:#313131;}.elementor-6033 .elementor-element.elementor-element-b04e9d0 .switch-toggle + .switch-slider svg{fill:#313131;color:#313131;}.elementor-6033 .elementor-element.elementor-element-b04e9d0 .theplus-switcher .switcher-toggle.inactive .switch-label-2 svg,.elementor-6033 .elementor-element.elementor-element-b04e9d0 .theplus-switcher .switcher-toggle.active .switch-label-1 svg,.elementor-6033 .elementor-element.elementor-element-b04e9d0 .switcher-toggle.style-4 .switch-label-text svg{fill:#313131;}.elementor-6033 .elementor-element.elementor-element-b04e9d0 .theplus-switcher .switcher-toggle.inactive .switch-label-1 i,.elementor-6033 .elementor-element.elementor-element-b04e9d0 .theplus-switcher .switcher-toggle.active .switch-label-2 i,.elementor-6033 .elementor-element.elementor-element-b04e9d0 .switcher-toggle.style-4 .switch-label-text i{color:#313131;}.elementor-6033 .elementor-element.elementor-element-b04e9d0 .theplus-switcher .switcher-toggle.inactive .switch-label-1 svg,.elementor-6033 .elementor-element.elementor-element-b04e9d0 .theplus-switcher .switcher-toggle.active .switch-label-2 svg,.elementor-6033 .elementor-element.elementor-element-b04e9d0 .switcher-toggle.style-4 .switch-label-text svg{color:#313131;}.elementor-6033 .elementor-element.elementor-element-b04e9d0 .theplus-switcher .switcher-toggle-sections .content-1,.elementor-6033 .elementor-element.elementor-element-b04e9d0 .theplus-switcher .switcher-toggle-sections .content-1 p{color:#313131;}.elementor-6033 .elementor-element.elementor-element-b04e9d0 .theplus-switcher .switcher-toggle-sections .content-2,.elementor-6033 .elementor-element.elementor-element-b04e9d0 .theplus-switcher .switcher-toggle-sections .content-2 p{color:#313131;}:root{--page-title-display:none;}@media(min-width:768px){.elementor-6033 .elementor-element.elementor-element-7a0898b7{--content-width:1240px;}.elementor-6033 .elementor-element.elementor-element-7b3b16ac{--content-width:1240px;}}@media(max-width:1024px){.elementor-6033 .elementor-element.elementor-element-7a0898b7{--min-height:600px;--margin-top:-40px;--margin-bottom:0px;--margin-left:0px;--margin-right:0px;--padding-top:50px;--padding-bottom:0px;--padding-left:40px;--padding-right:40px;}.elementor-6033 .elementor-element.elementor-element-c3238af{--margin-top:50px;--margin-bottom:50px;--margin-left:0px;--margin-right:0px;--padding-top:0px;--padding-bottom:0px;--padding-left:0px;--padding-right:0px;}.elementor-widget-heading .elementor-heading-title{font-size:var( --e-global-typography-primary-font-size );line-height:var( --e-global-typography-primary-line-height );letter-spacing:var( --e-global-typography-primary-letter-spacing );}.elementor-6033 .elementor-element.elementor-element-a91bc2b .elementor-heading-title{font-size:50px;line-height:1.15em;letter-spacing:-0.02em;}.elementor-6033 .elementor-element.elementor-element-7b3b16ac{--margin-top:70px;--margin-bottom:75px;--margin-left:0px;--margin-right:0px;--padding-top:0px;--padding-bottom:0px;--padding-left:40px;--padding-right:40px;}.elementor-widget-tp-switcher .switcher-toggle .switch-1 .tp-switch-tooltip1{font-size:var( --e-global-typography-primary-font-size );line-height:var( --e-global-typography-primary-line-height );letter-spacing:var( --e-global-typography-primary-letter-spacing );}.elementor-widget-tp-switcher .switcher-toggle .switch-2 .tp-switch-tooltip2{font-size:var( --e-global-typography-primary-font-size );line-height:var( --e-global-typography-primary-line-height );letter-spacing:var( --e-global-typography-primary-letter-spacing );}}@media(max-width:767px){.elementor-6033 .elementor-element.elementor-element-7a0898b7{--min-height:0px;--align-items:center;--container-widget-width:calc( ( 1 - var( --container-widget-flex-grow ) ) * 100% );--padding-top:0px;--padding-bottom:0px;--padding-left:20px;--padding-right:20px;}.elementor-6033 .elementor-element.elementor-element-c3238af{--padding-top:150px;--padding-bottom:60px;--padding-left:0px;--padding-right:0px;}.elementor-widget-heading .elementor-heading-title{font-size:var( --e-global-typography-primary-font-size );line-height:var( --e-global-typography-primary-line-height );letter-spacing:var( --e-global-typography-primary-letter-spacing );}.elementor-6033 .elementor-element.elementor-element-a91bc2b{text-align:center;}.elementor-6033 .elementor-element.elementor-element-a91bc2b .elementor-heading-title{font-size:48px;line-height:1.15em;letter-spacing:-0.02em;}.elementor-6033 .elementor-element.elementor-element-7b3b16ac{--margin-top:45px;--margin-bottom:50px;--margin-left:0px;--margin-right:0px;--padding-top:0px;--padding-bottom:0px;--padding-left:20px;--padding-right:20px;}.elementor-widget-tp-switcher .switcher-toggle .switch-1 .tp-switch-tooltip1{font-size:var( --e-global-typography-primary-font-size );line-height:var( --e-global-typography-primary-line-height );letter-spacing:var( --e-global-typography-primary-letter-spacing );}.elementor-widget-tp-switcher .switcher-toggle .switch-2 .tp-switch-tooltip2{font-size:var( --e-global-typography-primary-font-size );line-height:var( --e-global-typography-primary-line-height );letter-spacing:var( --e-global-typography-primary-letter-spacing );}}<\/style>\t\t<div data-elementor-type=\"wp-page\" data-elementor-id=\"6033\" class=\"elementor elementor-6033\" data-elementor-post-type=\"page\">\n\t\t\t\t<div class=\"elementor-element elementor-element-7a0898b7 e-flex e-con-boxed e-con e-parent\" data-id=\"7a0898b7\" data-element_type=\"container\" data-e-type=\"container\" data-settings=\"{&quot;background_background&quot;:&quot;classic&quot;,&quot;plus_gsap_animation_type&quot;:&quot;none&quot;}\">\n\t\t\t\t\t<div class=\"e-con-inner\">\n\t\t<div class=\"elementor-element elementor-element-c3238af e-con-full e-flex e-con e-child\" data-id=\"c3238af\" data-element_type=\"container\" data-e-type=\"container\" data-settings=\"{&quot;plus_gsap_animation_type&quot;:&quot;none&quot;}\">\n\t\t\t\t<\/div>\n\t\t\t\t\t<\/div>\n\t\t\t\t<\/div>\n\t\t<div class=\"elementor-element elementor-element-7b3b16ac e-flex e-con-boxed e-con e-parent\" data-id=\"7b3b16ac\" data-element_type=\"container\" data-e-type=\"container\" id=\"le\" data-settings=\"{&quot;plus_gsap_animation_type&quot;:&quot;none&quot;}\">\n\t\t\t\t\t<div class=\"e-con-inner\">\n\t\t\t\t<div class=\"elementor-element elementor-element-b04e9d0 elementor-widget elementor-widget-tp-switcher\" data-id=\"b04e9d0\" data-element_type=\"widget\" data-e-type=\"widget\" data-settings=\"{&quot;plus_gsap_animation_type&quot;:&quot;none&quot;}\" data-widget_type=\"tp-switcher.default\">\n\t\t\t\t<div class=\"elementor-widget-container\">\n\t\t\t\t\t<div id=\"switch69e73144734a1\" class=\"theplus-switcher switch-1\"  data-id=\"switch69e73144734a1\" ><div class=\"switcher-toggle inactive center style-1\"><div class=\"switch-1\" ><h5 class=\"switch-label-text switch-label-1\">Seasonal\/Outdoor Picnic Experiences<\/h5>\n\t\t\t\t\t\t\n\t\t\t<\/div><div class=\"switcher-button\" data-type=\"style-1\"><label class=\"switch-label-btn\"><input class=\"switch-toggle round-style-1\" type=\"checkbox\"><span class=\"switch-slider style-1 switch-round\"><\/span><\/label><\/div><div class=\"switch-2\" ><h5 class=\"switch-label-text switch-label-2\">Igloo picnic experience<\/h5>\n\t\t\t\n\t\t\t<\/div><\/div><div class=\"switcher-toggle-sections\"><div class=\"switcher-section-1\" style=\"display: block;\"><div class=\"content-1\"><h6><span style=\"color: #333333\">Seasonal\/Outdoor Picnic Experiences<\/span><\/h6><ol><li><span style=\"color: #333333\">We recommend you to book at least 14 days in advance, especially for dates on weekend. The earlier you book, the more chance we have of securing an important date for you. If it is possible for us to make it happen, you can also book for the following weekend or day.\u00a0<\/span><\/li><li><span style=\"color: #333333\">You can only book on our website through the booking page or via e- mail to info@effclusive-picnics.hu. <a style=\"color: #333333\" href=\"mailto:info@effclusive-picnics.hu\">info@effclusive-picnics.hu<\/a> by e-mail.\u00a0<\/span><\/li><li><span style=\"color: #333333\">After sending us your booking request, we will contact you to discuss the date, time and your ideas. In addition to the package you have chosen, we will discuss where you would like to have the picnic, what your preferences are and what style of decoration you would like us to create.\u00a0<\/span><\/li><li><span style=\"color: #333333\">Once all the details have been discussed, you will be asked to pay 50% of the package as a deposit within 48 hours of sending the invoice. The date will be confirmed after the deposit is received. The remaining 50% is requested 48 hours before the picnic date, when we are sure we can make the picnic for you. If we don't receive the payment of the deposit, we will no longer be able to provide the date.<\/span><\/li><li><span style=\"color: #333333\">Our offers are valid for 5 working days. We are not able to keep an appointment until the deposit is received.\u00a0<\/span><\/li><li><span style=\"color: #333333\">On the day of the picnic, it is very important to arrive on time. The site will be set up half an hour before the time, so it is very important that you arrive no earlier. We will not be able to deliver the picnic before the agreed time. In the case of late arrivals, we will not be able to provide a longer time slot. In the event of a delay, the organiser will not be able to ensure supervision of the site, so if theft or damage to the picnic equipment occurs while unattended, the booker will be liable to pay for any damage caused.<\/span><\/li><\/ol><h6><span style=\"color: #333333\">Extreme weather<\/span><\/h6><p><span style=\"color: #333333\">The organisers have  individual rights to change the picnic facilities in certain weather conditions. For example, in the case of wind, we may not be able to set up the tents or we may replace certain fragile items with other equipment. We maintain the right to make changes. In this case, there will not be a refund.<\/span><\/p><p><span style=\"color: #333333\">We are flexible in case of rain, in which case the second 50% will not be paid, the date can be rescheduled or the amount paid will be refunded in the form of a gift card redeemable until the end of the following academic year. We try to find a shady place as much as possible, but this is not always possible. You can always ask for an extra umbrella to go with your luggage, but unfortunately it doesn't offer full protection. In extreme heat, we recommend picnics in the afternoon only and you can also change the time. In the heat, the utensils can get hot, the candles can melt and the food can spoil more easily. If the picnic is in the evening (due to the heat), we will make sure that the experience is as enjoyable and atmospheric in the dark.<\/span><\/p><ul><li><span style=\"color: #333333\">In the event of bad weather, we will also move out to a private indoor venue provided by you within our covered areas at no extra cost, as long as we can fit the change of venue into our schedule.<\/span><\/li><li><span style=\"color: #333333\">It is also possible to set up the picnic at other indoor locations, but the cost of renting a location may occur.<\/span><\/li><li><span style=\"color: #333333\">From 2023, we will also have bubble tents, which can be used in case of light rain and wind, up to a maximum of 10 people, subject to availability. There is no extra cost for this, but you will need to enquire about availability on that date. This tent is not the same as the Igloo tent. It can only be pitched in light rain and winds of up to 25 km\/h.<\/span><\/li><\/ul><h6><span style=\"color: #333333\">Cancellation<\/span><\/h6><ul><li><span style=\"color: #333333\">Of course, unexpected events can happen to us at any time. If we are unable to make the experience due to our fault, the full amount will be refunded.<\/span><\/li><li><span style=\"color: #333333\">One month before the booked experience, the reservation can be cancelled, in which case the amount paid will be refunded. If cancellation is made within one month, the amount paid will be credited to a gift card which can be used until the end of the year.<\/span><\/li><li><span style=\"color: #333333\">Large events organised by others in public areas may occur in addition to picnics, in which case we cannot be held responsible. As far as possible, we will choose the best possible location in the area if the event will affect the picnic. However, we regret that we cannot control the noise and crowds this may cause.<\/span><\/li><\/ul><p><span style=\"color: #333333\"><strong>We do not accept any claims after the picnic has been picked up, and we cannot refund money for any inconvenience caused through no fault of our own.<\/strong><\/span><\/p><\/div><\/div><div class=\"switcher-section-2\" style=\"display:none;\"><div class=\"content-2\"><h6><span style=\"color: #333333\">Igloo picnic experience<\/span><\/h6><p><span style=\"color: #333333\">1. Of course, if we can manage it, you can also book for the next weekend or day. instead of \"Our booking system always shows the currently available dates, but we reserve the right to change them.\"<\/span><\/p><p><span style=\"color: #333333\">2. You can book exclusively on the website at <a style=\"color: #333333\" href=\"https:\/\/effclusive-picnics.hu\/en\/tersegeink\/budapest-balaton\/igloo-picnic\/\">Reservation menu<\/a> or by e-mail to <a style=\"color: #333333\" href=\"mailto:info@effclusive-picnics.hu\">info@effclusive-picnics.hu<\/a> by e-mail.<\/span><\/p><p><span style=\"color: #333333\">3. After sending us your booking request, we will contact you to discuss the date, time and your ideas.<\/span><\/p><p><span style=\"color: #333333\">4. Once all details have been discussed, you will have 48 hours after sending the invoice to pay the total amount of the package.  In case we do not receive the deposit, we will no longer be able to hold your appointment.<\/span><\/p><p><span style=\"color: #333333\">5. Our offers are valid for 5 working days. We are not able to keep an appointment until the deposit is received.<\/span><\/p><p><span style=\"color: #333333\">6. It is very important that you arrive in time on the day of the picnic. We will start heating the venue one hour before the time, so we are asking you not to arrive earlier. We will not be able to deliver the picnic before the agreed time. In the case of late arrivals, we will not be able to provide a longer time slot.<\/span><\/p><h6><span style=\"color: #333333\">Cancellation and Date Modification<\/span><\/h6><p><span style=\"color: #333333\">- Of course, unexpected events can happen to us at any time. If we are unable to make the experience due to our fault, the full amount will be refunded.<\/span><\/p><p><span style=\"color: #333333\">- If for some unexpected circumstance you are unable to attend the picnic, there is 1 free opportunity to reschedule.<\/span><\/p><p><span style=\"color: #333333\">- One month before the booked experience, the reservation can be cancelled, in which case the amount paid will be refunded. If cancellation is made within one month, the amount paid will be credited to a gift card which can be used until the end of the year.\u00a0<\/span><\/p><h6><span style=\"color: #333333\">Extreme weather conditions<\/span><\/h6><p><span style=\"color: #333333\">- The Igloo is on a permanent site, with a foundation, bottom insulation and an outdoor heater.<\/span><\/p><p><span style=\"color: #333333\">- If the weather turns very cold, evening picnics are not recommended below -5 degrees. During the day, if it is cold or snowing during the winter, there is no reason why you can't have a picnic. However, picnics above 12 degrees Celsius in sunny weather are not feasible, as the Igloo will heat up too much. Therefore, only extreme weather can prevent a picnic from taking place.<\/span><\/p><p><span style=\"color: #333333\"><b>Payment of the deposit constitutes acceptance of the terms and conditions!<\/b><\/span><\/p><\/div><\/div><\/div><\/div>\t\t\t\t<\/div>\n\t\t\t\t<\/div>\n\t\t\t\t\t<\/div>\n\t\t\t\t<\/div>\n\t\t\t\t<\/div>","protected":false},"excerpt":{"rendered":"<p>Szezon\u00e1lis\/k\u00fclt\u00e9ri piknik \u00e9lm\u00e9nyek Igloo piknik \u00e9lm\u00e9ny Szezon\u00e1lis\/k\u00fclt\u00e9ri piknik \u00e9lm\u00e9nyek Javasoljuk, f\u0151leg a h\u00e9tv\u00e9gi d\u00e1tum eset\u00e9n, legal\u00e1bb 14 nappal a k\u00e9rt id\u0151pont el\u0151tt foglalj. Min\u00e9l el\u0151bb foglalsz ann\u00e1l t\u00f6bb es\u00e9llyel tudunk biztos\u00edtani Neked egy fontos d\u00e1tumot. Term\u00e9szetesen amennyiben meg tudjuk oldani, ak\u00e1r a soron k\u00f6vetkez\u0151 h\u00e9tv\u00e9g\u00e9re vagy napra is tudsz foglalni.\u00a0 Foglalni kiz\u00e1r\u00f3lag a honlapon tudsz [&hellip;]<\/p>\n","protected":false},"author":5,"featured_media":0,"parent":0,"menu_order":0,"comment_status":"closed","ping_status":"closed","template":"","meta":{"footnotes":""},"class_list":["post-6033","page","type-page","status-publish","hentry"],"_links":{"self":[{"href":"https:\/\/effclusive-picnics.hu\/en\/wp-json\/wp\/v2\/pages\/6033","targetHints":{"allow":["GET"]}}],"collection":[{"href":"https:\/\/effclusive-picnics.hu\/en\/wp-json\/wp\/v2\/pages"}],"about":[{"href":"https:\/\/effclusive-picnics.hu\/en\/wp-json\/wp\/v2\/types\/page"}],"author":[{"embeddable":true,"href":"https:\/\/effclusive-picnics.hu\/en\/wp-json\/wp\/v2\/users\/5"}],"replies":[{"embeddable":true,"href":"https:\/\/effclusive-picnics.hu\/en\/wp-json\/wp\/v2\/comments?post=6033"}],"version-history":[{"count":9,"href":"https:\/\/effclusive-picnics.hu\/en\/wp-json\/wp\/v2\/pages\/6033\/revisions"}],"predecessor-version":[{"id":10425,"href":"https:\/\/effclusive-picnics.hu\/en\/wp-json\/wp\/v2\/pages\/6033\/revisions\/10425"}],"wp:attachment":[{"href":"https:\/\/effclusive-picnics.hu\/en\/wp-json\/wp\/v2\/media?parent=6033"}],"curies":[{"name":"wp","href":"https:\/\/api.w.org\/{rel}","templated":true}]}}