{"id":6335,"date":"2024-03-05T09:38:42","date_gmt":"2024-03-05T08:38:42","guid":{"rendered":"https:\/\/effclusive-picnics.hu\/?page_id=6335"},"modified":"2025-11-24T10:04:03","modified_gmt":"2025-11-24T09:04:03","slug":"occupied","status":"publish","type":"page","link":"https:\/\/effclusive-picnics.hu\/en\/foglalas\/","title":{"rendered":"Booking"},"content":{"rendered":"\t\t<div data-elementor-type=\"wp-page\" data-elementor-id=\"6335\" class=\"elementor elementor-6335\" data-elementor-post-type=\"page\">\n\t\t\t\t<div class=\"elementor-element elementor-element-658dabdd e-flex e-con-boxed e-con e-parent\" data-id=\"658dabdd\" data-element_type=\"container\" data-e-type=\"container\" data-settings=\"{&quot;background_background&quot;:&quot;classic&quot;,&quot;plus_gsap_animation_type&quot;:&quot;none&quot;}\">\n\t\t\t\t\t<div class=\"e-con-inner\">\n\t\t<div class=\"elementor-element elementor-element-59512264 e-con-full e-flex e-con e-child\" data-id=\"59512264\" data-element_type=\"container\" data-e-type=\"container\" data-settings=\"{&quot;plus_gsap_animation_type&quot;:&quot;none&quot;}\">\n\t\t\t\t<\/div>\n\t\t\t\t\t<\/div>\n\t\t\t\t<\/div>\n\t\t<div class=\"elementor-element elementor-element-b748169 e-flex e-con-boxed e-con e-parent\" data-id=\"b748169\" data-element_type=\"container\" data-e-type=\"container\" id=\"le\" data-settings=\"{&quot;plus_gsap_animation_type&quot;:&quot;none&quot;}\">\n\t\t\t\t\t<div class=\"e-con-inner\">\n\t\t<div class=\"elementor-element elementor-element-45ee2dd8 e-con-full e-flex e-con e-child\" data-id=\"45ee2dd8\" data-element_type=\"container\" data-e-type=\"container\" data-settings=\"{&quot;plus_gsap_animation_type&quot;:&quot;none&quot;}\">\n\t\t<div class=\"elementor-element elementor-element-5da0afcf e-con-full e-flex e-con e-child\" data-id=\"5da0afcf\" data-element_type=\"container\" data-e-type=\"container\" data-settings=\"{&quot;background_background&quot;:&quot;classic&quot;,&quot;plus_gsap_animation_type&quot;:&quot;none&quot;}\">\n\t\t<div class=\"elementor-element elementor-element-985a1d0 e-con-full e-flex e-con e-child\" data-id=\"985a1d0\" data-element_type=\"container\" data-e-type=\"container\" data-settings=\"{&quot;background_background&quot;:&quot;classic&quot;,&quot;plus_gsap_animation_type&quot;:&quot;none&quot;}\">\n\t\t\t\t<div class=\"elementor-element elementor-element-3796cc2b elementor-widget-tablet__width-initial elementor-widget-mobile__width-inherit elementor-invisible elementor-widget elementor-widget-heading\" data-id=\"3796cc2b\" data-element_type=\"widget\" data-e-type=\"widget\" data-settings=\"{&quot;_animation&quot;:&quot;fadeIn&quot;,&quot;plus_gsap_animation_type&quot;:&quot;none&quot;}\" data-widget_type=\"heading.default\">\n\t\t\t\t<div class=\"elementor-widget-container\">\n\t\t\t\t\t<h2 class=\"elementor-heading-title elementor-size-default\">Foglal\u00e1s<\/h2>\t\t\t\t<\/div>\n\t\t\t\t<\/div>\n\t\t\t\t<div class=\"elementor-element elementor-element-d7d49a2 fluentform-widget-submit-button-full-width fluent-form-widget-step-header-yes fluent-form-widget-step-progressbar-yes elementor-widget elementor-widget-fluent-form-widget\" data-id=\"d7d49a2\" data-element_type=\"widget\" data-e-type=\"widget\" data-settings=\"{&quot;plus_gsap_animation_type&quot;:&quot;none&quot;}\" data-widget_type=\"fluent-form-widget.default\">\n\t\t\t\t<div class=\"elementor-widget-container\">\n\t\t\t\t\t\n            <div class=\"fluentform-widget-wrapper fluentform-widget-custom-radio-checkbox fluentform-widget-align-default\">\n\n            \n            <div class='fluentform ff-default fluentform_wrapper_11 ffs_default_wrap'><form data-form_id=\"11\" id=\"fluentform_11\" class=\"frm-fluent-form fluent_form_11 ff-el-form-top ff_form_instance_11_1 ff-form-loading ffs_default\" data-form_instance=\"ff_form_instance_11_1\" method=\"POST\" ><fieldset  style=\"border: none!important;margin: 0!important;padding: 0!important;background-color: transparent!important;box-shadow: none!important;outline: none!important; min-inline-size: 100%;\">\n                    <legend class=\"ff_screen_reader_title\" style=\"display: block; margin: 0!important;padding: 0!important;height: 0!important;text-indent: -999999px;width: 0!important;overflow:hidden;\">Foglal\u00e1s<\/legend><input type='hidden' name='__fluent_form_embded_post_id' value='6335' \/><input type=\"hidden\" id=\"_fluentform_11_fluentformnonce\" name=\"_fluentform_11_fluentformnonce\" value=\"7f4956ad9a\" \/><input type=\"hidden\" name=\"_wp_http_referer\" value=\"\/en\/wp-json\/wp\/v2\/pages\/6335\" \/><div data-type=\"name-element\" data-name=\"names\" class=\" ff-field_container ff-name-field-wrapper\" ><div class='ff-t-container'><div class='ff-t-cell '><div class='ff-el-group ff-el-form-top'><div class=\"ff-el-input--label ff-el-is-required asterisk-right\"><label for='ff_11_names_first_name_' id='label_ff_11_names_first_name_' >N\u00e9v<\/label><\/div><div class='ff-el-input--content'><input type=\"text\" name=\"names[first_name]\" id=\"ff_11_names_first_name_\" class=\"ff-el-form-control\" placeholder=\"N\u00e9v\" aria-invalid=\"false\" aria-required=true><\/div><\/div><\/div><\/div><\/div><div class='ff-el-group'><div class=\"ff-el-input--label ff-el-is-required asterisk-right\"><label for='ff_11_email' id='label_ff_11_email' aria-label=\"Email c\u00edm\">Email c\u00edm<\/label><\/div><div class='ff-el-input--content'><input type=\"email\" name=\"email\" id=\"ff_11_email\" class=\"ff-el-form-control\" placeholder=\"Email c\u00edm\" data-name=\"email\"  aria-invalid=\"false\" aria-required=true><\/div><\/div><div class='ff-el-group'><div class=\"ff-el-input--label ff-el-is-required asterisk-right\"><label for='ff_11_phone' id='label_ff_11_phone' aria-label=\"Telefonsz\u00e1m\">Telefonsz\u00e1m<\/label><\/div><div class='ff-el-input--content'><input name=\"phone\" class=\"ff-el-form-control ff-el-phone ff_el_with_extended_validation\" type=\"tel\" placeholder=\"Telefonsz\u00e1m\" data-name=\"phone\" id=\"ff_11_phone\" inputmode=\"tel\"  aria-invalid='false' aria-required=true><\/div><\/div><div class='ff-el-group'><div class=\"ff-el-input--label ff-el-is-required asterisk-right\"><label for='ff_11_input_text_1' id='label_ff_11_input_text_1' aria-label=\"Csomag\">Csomag<\/label><\/div><div class='ff-el-input--content'><input type=\"text\" name=\"input_text_1\" class=\"ff-el-form-control\" data-name=\"input_text_1\" id=\"ff_11_input_text_1\"  aria-invalid=\"false\" aria-required=true><\/div><\/div><div class='ff-el-group'><div class=\"ff-el-input--label ff-el-is-required asterisk-right\"><label for='ff_11_dropdown' id='label_ff_11_dropdown' aria-label=\"Helysz\u00edn\">Helysz\u00edn<\/label><\/div><div class='ff-el-input--content'><select name=\"dropdown\" id=\"ff_11_dropdown\" class=\"ff-el-form-control\" data-name=\"dropdown\" data-calc_value=\"0\"  aria-invalid=\"false\" aria-required=\"true\" aria-labelledby=\"label_ff_11_dropdown\"><option value=\"\">- Kiv\u00e1lasztom -<\/option><option value=\"Budapest\"  >Budapest<\/option><option value=\"Velencei-t\u00f3\"  >Velencei-t\u00f3<\/option><option value=\"Balaton\"  >Balaton<\/option><option value=\"P\u00e9cs\"  >P\u00e9cs<\/option><option value=\"Vill\u00e1ny\"  >Vill\u00e1ny<\/option><option value=\"Orf\u0171\"  >Orf\u0171<\/option><option value=\"Kaposv\u00e1r\"  >Kaposv\u00e1r<\/option><option value=\"Szeksz\u00e1rd\"  >Szeksz\u00e1rd<\/option><option value=\"Kecskem\u00e9t\"  >Kecskem\u00e9t<\/option><option value=\"Kiskunhalas\"  >Kiskunhalas<\/option><option value=\"Szeged\"  >Szeged<\/option><option value=\"Szatymaz \/ M\u00f3rahalom \/ M\u00e1rt\u00e9ly\"  >Szatymaz \/ M\u00f3rahalom \/ M\u00e1rt\u00e9ly<\/option><option value=\"Debrecen\"  >Debrecen<\/option><option value=\"Hortob\u00e1gy\"  >Hortob\u00e1gy<\/option><option value=\"Ny\u00edregyh\u00e1za\"  >Ny\u00edregyh\u00e1za<\/option><option value=\"Ny\u00edradony\"  >Ny\u00edradony<\/option><option value=\"Gy\u0151r\"  >Gy\u0151r<\/option><\/select><\/div><\/div><div class='ff-el-group'><div class=\"ff-el-input--label ff-el-is-required asterisk-right\"><label for='ff_11_numeric_field' id='label_ff_11_numeric_field' aria-label=\"L\u00e9tsz\u00e1m\">L\u00e9tsz\u00e1m<\/label><\/div><div class='ff-el-input--content'><input type=\"number\" name=\"numeric_field\" id=\"ff_11_numeric_field\" class=\"ff-el-form-control\" data-name=\"numeric_field\" inputmode=\"numeric\" step=\"any\"  aria-invalid=\"false\" aria-required=true><\/div><\/div><div class='ff-el-group'><div class=\"ff-el-input--label ff-el-is-required asterisk-right\"><label for='ff_11_input_text' id='label_ff_11_input_text' aria-label=\"T\u00e9ma\">T\u00e9ma<\/label><\/div><div class='ff-el-input--content'><input type=\"text\" name=\"input_text\" class=\"ff-el-form-control\" data-name=\"input_text\" id=\"ff_11_input_text\"  aria-invalid=\"false\" aria-required=true><\/div><\/div><div class='ff-el-group'><div class=\"ff-el-input--label ff-el-is-required asterisk-right\"><label for='ff_11_datetime' id='label_ff_11_datetime' aria-label=\"D\u00e1tum\">D\u00e1tum<\/label><\/div><div class='ff-el-input--content'><input  aria-label='D\u00e1tum Use arrow keys to navigate dates. Press enter to select a date.'  aria-haspopup='dialog' data-type-datepicker data-format='Y\/m\/d' type=\"text\" name=\"datetime\" id=\"ff_11_datetime\" class=\"ff-el-form-control ff-el-datepicker\" data-name=\"datetime\"  aria-invalid='false' aria-required=true><\/div><\/div><div class='ff-el-group'><div class=\"ff-el-input--label ff-el-is-required asterisk-right\"><label for='ff_11_description_1' id='label_ff_11_description_1' aria-label=\"Mes\u00e9lj r\u00e9szletesen a foglal\u00e1sr\u00f3l\">Mes\u00e9lj r\u00e9szletesen a foglal\u00e1sr\u00f3l<\/label><\/div><div class='ff-el-input--content'><textarea aria-required=\"true\" aria-labelledby=\"label_ff_11_description_1\" name=\"description_1\" id=\"ff_11_description_1\" class=\"ff-el-form-control\" rows=\"3\" cols=\"2\" data-name=\"description_1\" ><\/textarea><\/div><\/div><div class='ff-el-group'><div class=\"ff-el-input--label ff-el-is-required asterisk-right\"><label for='ff_11_dropdown_1' id='label_ff_11_dropdown_1' aria-label=\"Aj\u00e1nd\u00e9kutalv\u00e1ny\">Aj\u00e1nd\u00e9kutalv\u00e1ny<\/label><\/div><div class='ff-el-input--content'><select name=\"dropdown_1\" id=\"ff_11_dropdown_1\" class=\"ff-el-form-control\" data-name=\"dropdown_1\" data-calc_value=\"0\"  aria-invalid=\"false\" aria-required=\"true\" aria-labelledby=\"label_ff_11_dropdown_1\"><option value=\"\">- Kiv\u00e1lasztom -<\/option><option value=\"Nem szeretn\u00e9k\"  >Nem szeretn\u00e9k<\/option><option value=\"30.000 Ft\"  >30.000 Ft<\/option><option value=\"50.000 Ft\"  >50.000 Ft<\/option><option value=\"80.000 Ft\"  >80.000 Ft<\/option><option value=\"100.000 Ft\"  >100.000 Ft<\/option><option value=\"Mini csomag\"  >Mini csomag<\/option><option value=\"M\u00e9dium csomag\"  >M\u00e9dium csomag<\/option><option value=\"Maxi csomag\"  >Maxi csomag<\/option><\/select><\/div><\/div><div class='ff-el-group    ff-el-input--content'><div class='ff-el-form-check ff-el-tc'><label aria-label='Elolvastam \u00e9s elfogadom az adatv\u00e9delmi t\u00e1j\u00e9koztat\u00f3ban foglaltakat.' class='ff-el-form-check-label ff_tc_label' for=gdpr-agreement_c5a6fcfdb73f1eb74a193108ee5f842f><span class='ff_tc_checkbox'><input type=\"checkbox\" name=\"gdpr-agreement\" class=\"ff-el-form-check-input ff_gdpr_field\" data-name=\"gdpr-agreement\" id=\"gdpr-agreement_c5a6fcfdb73f1eb74a193108ee5f842f\"  value='on' aria-invalid='false' aria-required=true><\/span> <div class='ff_t_c'>Elolvastam \u00e9s elfogadom az adatv\u00e9delmi t\u00e1j\u00e9koztat\u00f3ban foglaltakat.<\/div><\/label><\/div><\/div><div class='ff-el-group    ff-el-input--content'><div class='ff-el-form-check ff-el-tc'><label aria-label='Terms and Conditions: Elolvastam \u00e9s elfogadom a foglal\u00e1si \u00e9s lemond\u00e1si felt\u00e9teleket. Contains 1 link. Use tab navigation to review.' class='ff-el-form-check-label ff_tc_label' for=terms-n-condition_2491577e729b6cfdd4de426b2595e8f8><span class='ff_tc_checkbox'><input type=\"checkbox\" name=\"terms-n-condition\" class=\"ff-el-form-check-input\" data-name=\"terms-n-condition\" id=\"terms-n-condition_2491577e729b6cfdd4de426b2595e8f8\"  value='on' aria-invalid='false' aria-required=true><\/span> <div class='ff_t_c'><p>Elolvastam \u00e9s elfogadom a <a href=\"https:\/\/effclusive-picnics.hu\/foglalasi-es-lemondasi-feltetelek\/\">foglal\u00e1si \u00e9s lemond\u00e1si felt\u00e9teleket.<\/a><\/p><\/div><\/label><\/div><\/div><div class='ff-el-group ff-text-left ff_submit_btn_wrapper'><button type=\"submit\" class=\"ff-btn ff-btn-submit ff-btn-md ff_btn_style\"  aria-label=\"K\u00fcld\u00e9s\">K\u00fcld\u00e9s<\/button><\/div><\/fieldset><\/form><div id='fluentform_11_errors' class='ff-errors-in-stack ff_form_instance_11_1 ff-form-loading_errors ff_form_instance_11_1_errors'><\/div><\/div>            <script type=\"text\/javascript\">\n                window.fluent_form_ff_form_instance_11_1 = {\"id\":\"11\",\"ajaxUrl\":\"https:\\\/\\\/effclusive-picnics.hu\\\/wp-admin\\\/admin-ajax.php\",\"settings\":{\"layout\":{\"labelPlacement\":\"top\",\"helpMessagePlacement\":\"with_label\",\"errorMessagePlacement\":\"inline\",\"cssClassName\":\"\",\"asteriskPlacement\":\"asterisk-right\"},\"restrictions\":{\"denyEmptySubmission\":{\"enabled\":false}}},\"form_instance\":\"ff_form_instance_11_1\",\"form_id_selector\":\"fluentform_11\",\"rules\":{\"names[first_name]\":{\"required\":{\"value\":true,\"message\":\"K\\u00f6telez\\u0151 mez\\u0151\",\"global_message\":\"Ezt a mez\\u0151t k\\u00f6telez\\u0151 kit\\u00f6lteni\",\"global\":false}},\"names[middle_name]\":{\"required\":{\"value\":false,\"message\":\"Ezt a mez\\u0151t k\\u00f6telez\\u0151 kit\\u00f6lteni\",\"global_message\":\"Ezt a mez\\u0151t k\\u00f6telez\\u0151 kit\\u00f6lteni\",\"global\":true}},\"names[last_name]\":{\"required\":{\"value\":false,\"message\":\"Ezt a mez\\u0151t k\\u00f6telez\\u0151 kit\\u00f6lteni\",\"global_message\":\"Ezt a mez\\u0151t k\\u00f6telez\\u0151 kit\\u00f6lteni\",\"global\":true}},\"email\":{\"required\":{\"value\":true,\"message\":\"K\\u00f6telez\\u0151 mez\\u0151\",\"global_message\":\"Ezt a mez\\u0151t k\\u00f6telez\\u0151 kit\\u00f6lteni\",\"global\":false},\"email\":{\"value\":true,\"message\":\"\\u00c9rv\\u00e9nyes email c\\u00edmet kell megadni\",\"global_message\":\"Ennek a mez\\u0151nek \\u00e9rv\\u00e9nyes e-mail-c\\u00edmet kell tartalmaznia\",\"global\":false}},\"phone\":{\"required\":{\"value\":true,\"global\":false,\"message\":\"K\\u00f6telez\\u0151 mez\\u0151\",\"global_message\":\"Ezt a mez\\u0151t k\\u00f6telez\\u0151 kit\\u00f6lteni\"},\"valid_phone_number\":{\"value\":true,\"global\":false,\"message\":\"Telefonsz\\u00e1m nem \\u00e9rv\\u00e9nyes\",\"global_message\":\"A telefonsz\\u00e1m nem \\u00e9rv\\u00e9nyes\"}},\"input_text_1\":{\"required\":{\"value\":true,\"message\":\"K\\u00f6telez\\u0151 mez\\u0151\",\"global_message\":\"Ezt a mez\\u0151t k\\u00f6telez\\u0151 kit\\u00f6lteni\",\"global\":false}},\"dropdown\":{\"required\":{\"value\":true,\"message\":\"K\\u00f6telez\\u0151 mez\\u0151\",\"global_message\":\"Ezt a mez\\u0151t k\\u00f6telez\\u0151 kit\\u00f6lteni\",\"global\":false}},\"numeric_field\":{\"required\":{\"value\":true,\"message\":\"K\\u00f6telez\\u0151 mez\\u0151\",\"global_message\":\"Ezt a mez\\u0151t k\\u00f6telez\\u0151 kit\\u00f6lteni\",\"global\":false},\"numeric\":{\"value\":true,\"message\":\"Ennek a mez\\u0151nek sz\\u00e1m\\u00e9rt\\u00e9ket kell tartalmaznia\",\"global_message\":\"Ennek a mez\\u0151nek sz\\u00e1m\\u00e9rt\\u00e9ket kell tartalmaznia\",\"global\":true},\"min\":{\"value\":\"\",\"message\":\"A minim\\u00e1lis \\u00e9rt\\u00e9k \\u00e9rv\\u00e9nyes\\u00edt\\u00e9se sikertelen\",\"global_message\":\"A minim\\u00e1lis \\u00e9rt\\u00e9k \\u00e9rv\\u00e9nyes\\u00edt\\u00e9se sikertelen\",\"global\":true},\"max\":{\"value\":\"\",\"message\":\"A maxim\\u00e1lis \\u00e9rt\\u00e9k \\u00e9rv\\u00e9nyes\\u00edt\\u00e9se sikertelen\",\"global_message\":\"A maxim\\u00e1lis \\u00e9rt\\u00e9k \\u00e9rv\\u00e9nyes\\u00edt\\u00e9se sikertelen\",\"global\":true},\"digits\":{\"value\":\"\",\"message\":\"Korl\\u00e1tozott sz\\u00e1mjegyek ellen\\u0151rz\\u00e9se sikertelen\",\"global_message\":\"Korl\\u00e1tozott sz\\u00e1mjegyek ellen\\u0151rz\\u00e9se sikertelen\",\"global\":true}},\"input_text\":{\"required\":{\"value\":true,\"message\":\"K\\u00f6telez\\u0151 mez\\u0151\",\"global_message\":\"Ezt a mez\\u0151t k\\u00f6telez\\u0151 kit\\u00f6lteni\",\"global\":false}},\"datetime\":{\"required\":{\"value\":true,\"message\":\"Ezt a mez\\u0151t k\\u00f6telez\\u0151 kit\\u00f6lteni\",\"global_message\":\"Ezt a mez\\u0151t k\\u00f6telez\\u0151 kit\\u00f6lteni\",\"global\":true}},\"description_1\":{\"required\":{\"value\":true,\"message\":\"K\\u00f6telez\\u0151 mez\\u0151\",\"global_message\":\"Ezt a mez\\u0151t k\\u00f6telez\\u0151 kit\\u00f6lteni\",\"global\":false}},\"dropdown_1\":{\"required\":{\"value\":true,\"message\":\"K\\u00f6telez\\u0151 mez\\u0151\",\"global_message\":\"Ezt a mez\\u0151t k\\u00f6telez\\u0151 kit\\u00f6lteni\",\"global\":false}},\"gdpr-agreement\":{\"required\":{\"value\":true,\"message\":\"K\\u00f6telez\\u0151 mez\\u0151\",\"global_message\":\"Ezt a mez\\u0151t k\\u00f6telez\\u0151 kit\\u00f6lteni\",\"global\":false}},\"terms-n-condition\":{\"required\":{\"value\":true,\"message\":\"K\\u00f6telez\\u0151 mez\\u0151\",\"global_message\":\"Ezt a mez\\u0151t k\\u00f6telez\\u0151 kit\\u00f6lteni\",\"global\":false}}},\"debounce_time\":300};\n                            <\/script>\n                        <\/div>\n\n            \t\t\t\t<\/div>\n\t\t\t\t<\/div>\n\t\t\t\t<\/div>\n\t\t\t\t<\/div>\n\t\t\t\t<\/div>\n\t\t\t\t\t<\/div>\n\t\t\t\t<\/div>\n\t\t\t\t<\/div>\n\t\t","protected":false},"excerpt":{"rendered":"<p>Foglal\u00e1s Foglal\u00e1s N\u00e9vEmail c\u00edmTelefonsz\u00e1mCsomagHelysz\u00edn&#8211; Kiv\u00e1lasztom &#8211;BudapestVelencei-t\u00f3BalatonP\u00e9csVill\u00e1nyOrf\u0171Kaposv\u00e1rSzeksz\u00e1rdKecskem\u00e9tKiskunhalasSzegedSzatymaz \/ M\u00f3rahalom \/ M\u00e1rt\u00e9lyDebrecenHortob\u00e1gyNy\u00edregyh\u00e1zaNy\u00edradonyGy\u0151rL\u00e9tsz\u00e1mT\u00e9maD\u00e1tumMes\u00e9lj r\u00e9szletesen a foglal\u00e1sr\u00f3lAj\u00e1nd\u00e9kutalv\u00e1ny&#8211; Kiv\u00e1lasztom &#8211;Nem szeretn\u00e9k30.000 Ft50.000 Ft80.000 Ft100.000 FtMini csomagM\u00e9dium csomagMaxi csomag Elolvastam \u00e9s elfogadom az adatv\u00e9delmi t\u00e1j\u00e9koztat\u00f3ban foglaltakat. Elolvastam \u00e9s elfogadom a foglal\u00e1si \u00e9s lemond\u00e1si felt\u00e9teleket. K\u00fcld\u00e9s<\/p>","protected":false},"author":5,"featured_media":0,"parent":0,"menu_order":0,"comment_status":"closed","ping_status":"closed","template":"","meta":{"footnotes":""},"class_list":["post-6335","page","type-page","status-publish","hentry"],"_links":{"self":[{"href":"https:\/\/effclusive-picnics.hu\/en\/wp-json\/wp\/v2\/pages\/6335","targetHints":{"allow":["GET"]}}],"collection":[{"href":"https:\/\/effclusive-picnics.hu\/en\/wp-json\/wp\/v2\/pages"}],"about":[{"href":"https:\/\/effclusive-picnics.hu\/en\/wp-json\/wp\/v2\/types\/page"}],"author":[{"embeddable":true,"href":"https:\/\/effclusive-picnics.hu\/en\/wp-json\/wp\/v2\/users\/5"}],"replies":[{"embeddable":true,"href":"https:\/\/effclusive-picnics.hu\/en\/wp-json\/wp\/v2\/comments?post=6335"}],"version-history":[{"count":3,"href":"https:\/\/effclusive-picnics.hu\/en\/wp-json\/wp\/v2\/pages\/6335\/revisions"}],"predecessor-version":[{"id":14616,"href":"https:\/\/effclusive-picnics.hu\/en\/wp-json\/wp\/v2\/pages\/6335\/revisions\/14616"}],"wp:attachment":[{"href":"https:\/\/effclusive-picnics.hu\/en\/wp-json\/wp\/v2\/media?parent=6335"}],"curies":[{"name":"wp","href":"https:\/\/api.w.org\/{rel}","templated":true}]}}